{"id":909,"date":"2023-06-14T11:43:02","date_gmt":"2023-06-14T11:43:02","guid":{"rendered":"http:\/\/safeplace.edu.pl\/?page_id=909"},"modified":"2025-07-14T10:59:39","modified_gmt":"2025-07-14T10:59:39","slug":"2023-2","status":"publish","type":"page","link":"https:\/\/safeplace.edu.pl\/en\/2023-2\/","title":{"rendered":"SAFE PLACE 2023"},"content":{"rendered":"<div data-elementor-type=\"wp-page\" data-elementor-id=\"909\" class=\"elementor elementor-909\" data-elementor-settings=\"{&quot;ha_cmc_init_switcher&quot;:&quot;no&quot;}\">\n\t\t\t\t<div class=\"elementor-element elementor-element-fbc0669 e-flex e-con-boxed e-con e-parent\" data-id=\"fbc0669\" data-element_type=\"container\" data-e-type=\"container\" data-settings=\"{&quot;background_background&quot;:&quot;classic&quot;,&quot;_ha_eqh_enable&quot;:false}\">\n\t\t\t\t\t<div class=\"e-con-inner\">\n\t\t<div class=\"elementor-element elementor-element-5778bc3 e-con-full e-flex e-con e-child\" data-id=\"5778bc3\" data-element_type=\"container\" data-e-type=\"container\" data-settings=\"{&quot;_ha_eqh_enable&quot;:false}\">\n\t\t\t\t<div class=\"elementor-element elementor-element-3d00a85 exad-sticky-section-no exad-glass-effect-no elementor-invisible elementor-widget elementor-widget-heading\" data-id=\"3d00a85\" data-element_type=\"widget\" data-e-type=\"widget\" data-settings=\"{&quot;_animation&quot;:&quot;fadeInLeft&quot;}\" data-widget_type=\"heading.default\">\n\t\t\t\t<div class=\"elementor-widget-container\">\n\t\t\t\t\t<h2 class=\"elementor-heading-title elementor-size-default\">SAFE PLACE 2023<\/h2>\t\t\t\t<\/div>\n\t\t\t\t<\/div>\n\t\t\t\t<\/div>\n\t\t<div class=\"elementor-element elementor-element-d1aff48 e-con-full e-flex e-con e-child\" data-id=\"d1aff48\" data-element_type=\"container\" data-e-type=\"container\" data-settings=\"{&quot;_ha_eqh_enable&quot;:false}\">\n\t\t\t\t<div class=\"elementor-element elementor-element-f1c6f0f exad-sticky-section-no exad-glass-effect-no elementor-widget elementor-widget-video\" data-id=\"f1c6f0f\" data-element_type=\"widget\" data-e-type=\"widget\" data-settings=\"{&quot;youtube_url&quot;:&quot;https:\\\/\\\/www.youtube.com\\\/watch?v=U7eyyCvIEGk&amp;t=1s&quot;,&quot;video_type&quot;:&quot;youtube&quot;,&quot;controls&quot;:&quot;yes&quot;}\" data-widget_type=\"video.default\">\n\t\t\t\t<div class=\"elementor-widget-container\">\n\t\t\t\t\t\t\t<div class=\"elementor-wrapper elementor-open-inline\">\n\t\t\t<div class=\"elementor-video\"><\/div>\t\t<\/div>\n\t\t\t\t\t\t<\/div>\n\t\t\t\t<\/div>\n\t\t\t\t<\/div>\n\t\t\t\t\t<\/div>\n\t\t\t\t<\/div>\n\t\t<div class=\"elementor-element elementor-element-09d7830 e-con-full e-flex e-con e-parent\" data-id=\"09d7830\" data-element_type=\"container\" data-e-type=\"container\" data-settings=\"{&quot;background_background&quot;:&quot;classic&quot;,&quot;_ha_eqh_enable&quot;:false}\">\n\t\t<div class=\"elementor-element elementor-element-208a144 e-con-full e-flex e-con e-child\" data-id=\"208a144\" data-element_type=\"container\" data-e-type=\"container\" data-settings=\"{&quot;_ha_eqh_enable&quot;:false}\">\n\t\t\t\t<div class=\"elementor-element elementor-element-011dad4 exad-sticky-section-no exad-glass-effect-no elementor-widget elementor-widget-image\" data-id=\"011dad4\" data-element_type=\"widget\" data-e-type=\"widget\" data-widget_type=\"image.default\">\n\t\t\t\t<div class=\"elementor-widget-container\">\n\t\t\t\t\t\t\t\t\t\t\t\t\t\t\t<img fetchpriority=\"high\" decoding=\"async\" width=\"1024\" height=\"683\" src=\"https:\/\/safeplace.edu.pl\/wp-content\/uploads\/2024\/06\/1.-1W6A5317-1024x683.jpg\" class=\"attachment-large size-large wp-image-1271\" alt=\"\" srcset=\"https:\/\/safeplace.edu.pl\/wp-content\/uploads\/2024\/06\/1.-1W6A5317-1024x683.jpg 1024w, https:\/\/safeplace.edu.pl\/wp-content\/uploads\/2024\/06\/1.-1W6A5317-300x200.jpg 300w, https:\/\/safeplace.edu.pl\/wp-content\/uploads\/2024\/06\/1.-1W6A5317-768x512.jpg 768w, https:\/\/safeplace.edu.pl\/wp-content\/uploads\/2024\/06\/1.-1W6A5317-1536x1024.jpg 1536w, https:\/\/safeplace.edu.pl\/wp-content\/uploads\/2024\/06\/1.-1W6A5317-2048x1365.jpg 2048w\" sizes=\"(max-width: 1024px) 100vw, 1024px\" \/>\t\t\t\t\t\t\t\t\t\t\t\t\t\t\t<\/div>\n\t\t\t\t<\/div>\n\t\t\t\t<div class=\"elementor-element elementor-element-dfbd4de exad-sticky-section-no exad-glass-effect-no elementor-widget elementor-widget-image\" data-id=\"dfbd4de\" data-element_type=\"widget\" data-e-type=\"widget\" data-widget_type=\"image.default\">\n\t\t\t\t<div class=\"elementor-widget-container\">\n\t\t\t\t\t\t\t\t\t\t\t\t\t\t\t<img decoding=\"async\" width=\"1024\" height=\"683\" src=\"https:\/\/safeplace.edu.pl\/wp-content\/uploads\/2024\/06\/2.-1W6A6705-1024x683.jpg\" class=\"attachment-large size-large wp-image-1270\" alt=\"\" srcset=\"https:\/\/safeplace.edu.pl\/wp-content\/uploads\/2024\/06\/2.-1W6A6705-1024x683.jpg 1024w, https:\/\/safeplace.edu.pl\/wp-content\/uploads\/2024\/06\/2.-1W6A6705-300x200.jpg 300w, https:\/\/safeplace.edu.pl\/wp-content\/uploads\/2024\/06\/2.-1W6A6705-768x512.jpg 768w, https:\/\/safeplace.edu.pl\/wp-content\/uploads\/2024\/06\/2.-1W6A6705-1536x1024.jpg 1536w, https:\/\/safeplace.edu.pl\/wp-content\/uploads\/2024\/06\/2.-1W6A6705-2048x1365.jpg 2048w\" sizes=\"(max-width: 1024px) 100vw, 1024px\" \/>\t\t\t\t\t\t\t\t\t\t\t\t\t\t\t<\/div>\n\t\t\t\t<\/div>\n\t\t\t\t<div class=\"elementor-element elementor-element-85626ec exad-sticky-section-no exad-glass-effect-no elementor-widget elementor-widget-image\" data-id=\"85626ec\" data-element_type=\"widget\" data-e-type=\"widget\" data-widget_type=\"image.default\">\n\t\t\t\t<div class=\"elementor-widget-container\">\n\t\t\t\t\t\t\t\t\t\t\t\t\t\t\t<img decoding=\"async\" width=\"1024\" height=\"683\" src=\"https:\/\/safeplace.edu.pl\/wp-content\/uploads\/2024\/06\/1.-1W6A4305-1024x683.jpg\" class=\"attachment-large size-large wp-image-1272\" alt=\"\" srcset=\"https:\/\/safeplace.edu.pl\/wp-content\/uploads\/2024\/06\/1.-1W6A4305-1024x683.jpg 1024w, https:\/\/safeplace.edu.pl\/wp-content\/uploads\/2024\/06\/1.-1W6A4305-300x200.jpg 300w, https:\/\/safeplace.edu.pl\/wp-content\/uploads\/2024\/06\/1.-1W6A4305-768x512.jpg 768w, https:\/\/safeplace.edu.pl\/wp-content\/uploads\/2024\/06\/1.-1W6A4305-1536x1024.jpg 1536w, https:\/\/safeplace.edu.pl\/wp-content\/uploads\/2024\/06\/1.-1W6A4305-2048x1365.jpg 2048w\" sizes=\"(max-width: 1024px) 100vw, 1024px\" \/>\t\t\t\t\t\t\t\t\t\t\t\t\t\t\t<\/div>\n\t\t\t\t<\/div>\n\t\t\t\t<div class=\"elementor-element elementor-element-55d33b3 exad-sticky-section-no exad-glass-effect-no elementor-widget elementor-widget-image\" data-id=\"55d33b3\" data-element_type=\"widget\" data-e-type=\"widget\" data-widget_type=\"image.default\">\n\t\t\t\t<div class=\"elementor-widget-container\">\n\t\t\t\t\t\t\t\t\t\t\t\t\t\t\t<img loading=\"lazy\" decoding=\"async\" width=\"1024\" height=\"683\" src=\"https:\/\/safeplace.edu.pl\/wp-content\/uploads\/2024\/06\/5.-1W6A7438-1024x683.jpg\" class=\"attachment-large size-large wp-image-1267\" alt=\"\" srcset=\"https:\/\/safeplace.edu.pl\/wp-content\/uploads\/2024\/06\/5.-1W6A7438-1024x683.jpg 1024w, https:\/\/safeplace.edu.pl\/wp-content\/uploads\/2024\/06\/5.-1W6A7438-300x200.jpg 300w, https:\/\/safeplace.edu.pl\/wp-content\/uploads\/2024\/06\/5.-1W6A7438-768x512.jpg 768w, https:\/\/safeplace.edu.pl\/wp-content\/uploads\/2024\/06\/5.-1W6A7438-1536x1024.jpg 1536w, https:\/\/safeplace.edu.pl\/wp-content\/uploads\/2024\/06\/5.-1W6A7438-2048x1365.jpg 2048w\" sizes=\"(max-width: 1024px) 100vw, 1024px\" \/>\t\t\t\t\t\t\t\t\t\t\t\t\t\t\t<\/div>\n\t\t\t\t<\/div>\n\t\t\t\t<div class=\"elementor-element elementor-element-818fe16 exad-sticky-section-no exad-glass-effect-no elementor-widget elementor-widget-image\" data-id=\"818fe16\" data-element_type=\"widget\" data-e-type=\"widget\" data-widget_type=\"image.default\">\n\t\t\t\t<div class=\"elementor-widget-container\">\n\t\t\t\t\t\t\t\t\t\t\t\t\t\t\t<img loading=\"lazy\" decoding=\"async\" width=\"1024\" height=\"683\" src=\"https:\/\/safeplace.edu.pl\/wp-content\/uploads\/2024\/06\/3.-1W6A8979-1024x683.jpg\" class=\"attachment-large size-large wp-image-1268\" alt=\"\" srcset=\"https:\/\/safeplace.edu.pl\/wp-content\/uploads\/2024\/06\/3.-1W6A8979-1024x683.jpg 1024w, https:\/\/safeplace.edu.pl\/wp-content\/uploads\/2024\/06\/3.-1W6A8979-300x200.jpg 300w, https:\/\/safeplace.edu.pl\/wp-content\/uploads\/2024\/06\/3.-1W6A8979-768x512.jpg 768w, https:\/\/safeplace.edu.pl\/wp-content\/uploads\/2024\/06\/3.-1W6A8979-1536x1024.jpg 1536w, https:\/\/safeplace.edu.pl\/wp-content\/uploads\/2024\/06\/3.-1W6A8979-2048x1365.jpg 2048w\" sizes=\"(max-width: 1024px) 100vw, 1024px\" \/>\t\t\t\t\t\t\t\t\t\t\t\t\t\t\t<\/div>\n\t\t\t\t<\/div>\n\t\t\t\t<div class=\"elementor-element elementor-element-99b5209 exad-sticky-section-no exad-glass-effect-no elementor-widget elementor-widget-image\" data-id=\"99b5209\" data-element_type=\"widget\" data-e-type=\"widget\" data-widget_type=\"image.default\">\n\t\t\t\t<div class=\"elementor-widget-container\">\n\t\t\t\t\t\t\t\t\t\t\t\t\t\t\t<img loading=\"lazy\" decoding=\"async\" width=\"1024\" height=\"683\" src=\"https:\/\/safeplace.edu.pl\/wp-content\/uploads\/2024\/06\/6.-1W6A7489-1024x683.jpg\" class=\"attachment-large size-large wp-image-1266\" alt=\"\" srcset=\"https:\/\/safeplace.edu.pl\/wp-content\/uploads\/2024\/06\/6.-1W6A7489-1024x683.jpg 1024w, https:\/\/safeplace.edu.pl\/wp-content\/uploads\/2024\/06\/6.-1W6A7489-300x200.jpg 300w, https:\/\/safeplace.edu.pl\/wp-content\/uploads\/2024\/06\/6.-1W6A7489-768x512.jpg 768w, https:\/\/safeplace.edu.pl\/wp-content\/uploads\/2024\/06\/6.-1W6A7489-1536x1024.jpg 1536w, https:\/\/safeplace.edu.pl\/wp-content\/uploads\/2024\/06\/6.-1W6A7489-2048x1365.jpg 2048w\" sizes=\"(max-width: 1024px) 100vw, 1024px\" \/>\t\t\t\t\t\t\t\t\t\t\t\t\t\t\t<\/div>\n\t\t\t\t<\/div>\n\t\t\t\t<\/div>\n\t\t<div class=\"elementor-element elementor-element-3c6bdcc e-con-full e-flex e-con e-child\" data-id=\"3c6bdcc\" data-element_type=\"container\" data-e-type=\"container\" data-settings=\"{&quot;_ha_eqh_enable&quot;:false}\">\n\t\t\t\t<div class=\"elementor-element elementor-element-99963ef exad-sticky-section-no exad-glass-effect-no elementor-widget elementor-widget-text-editor\" data-id=\"99963ef\" data-element_type=\"widget\" data-e-type=\"widget\" data-widget_type=\"text-editor.default\">\n\t\t\t\t<div class=\"elementor-widget-container\">\n\t\t\t\t\t\t\t\t\t<div>\n<div>\n<div>\n<div>\n<p style=\"margin-bottom: 0in; text-align: justify;\">From November 20-22, 2023, at the Military University of Technology named after Jaros\u0142aw D\u0105browski in Warsaw, the 6th International Scientific and Technical Congress SAFE PLACE 2023 took place - Resilience of public utility facilities and critical infrastructure against military, hybrid, and terrorist threats. The event was held under the honorary patronage of the Chief of the National Security Bureau, the Director of the Government Security Centre, the Director of NATO DEEP eAcademy, His Magnificence the Rector-Commandant of the Military University of Technology, His Magnificence the Rector of the Higher School of Public and Individual Security APEIRON in Krakow, the Scientific Research Centre for Fire Protection, the Western Institute, and the Office of Rail Transport.<\/p>\n<p style=\"margin-bottom: 0in; text-align: justify;\"><br><\/p>\n<p style=\"margin-bottom: 0in; text-align: justify;\">\n<\/p><p style=\"margin-bottom: 0in; text-align: justify;\">This was the first international edition of the Congress, significantly expanding the platform for knowledge and experience exchange. Distinguished guests, including representatives of the honorary patron from NATO DEEP eAcademy and guests from the National Defence University of Ukraine, highlighted the event.<\/p>\n<p style=\"margin-bottom: 0in; text-align: justify;\"><br><\/p>\n<p style=\"margin-bottom: 0in; text-align: justify;\">\n<\/p><p style=\"margin-bottom: 0in; text-align: justify;\">\n<\/p><p style=\"margin-bottom: 0in; text-align: justify;\">The first day of the SAFE PLACE 2023 Congress concluded after six sessions, consisting of five expert debates and twelve individual presentations. Sessions from 2:00 PM onwards were conducted simultaneously in two rooms.&nbsp;<span style=\"background-color: var( --e-global-color-b05dcb1 ); color: var(--theme-text-color); font-family: inherit; font-size: inherit; font-style: inherit; font-variant-ligatures: inherit; font-variant-caps: inherit; font-weight: inherit; letter-spacing: var(--theme-letter-spacing); text-transform: var(--theme-text-transform);\">Participants had the opportunity to take part in a laser shooting competition at the Shooting Range of the Faculty of Security, Logistics, and Management of the Military University of Technology during the first and second days of the event.<\/span><\/p>\n<p style=\"margin-bottom: 0in; text-align: justify;\"><span style=\"background-color: var( --e-global-color-b05dcb1 ); color: var(--theme-text-color); font-family: inherit; font-size: inherit; font-style: inherit; font-variant-ligatures: inherit; font-variant-caps: inherit; font-weight: inherit; letter-spacing: var(--theme-letter-spacing); text-transform: var(--theme-text-transform);\">&nbsp;<\/span><\/p>\n<p style=\"margin-bottom: 0in; text-align: justify;\">During the second day of the Congress, two parallel sessions were held from the morning, consisting of four expert debates and fourteen individual presentations. Participants had the opportunity to attend expert debates such as the one on the complementary understanding of security of facilities, moderated by Dr. Hab. Juliusz Piwowarski, Prof. WSBPI Apeiron, as well as an expert debate led by Reserve Major Dr. Eng. Jaros\u0142aw Stelmach on the resilience of public utility facilities and CI against military, hybrid, and terrorist threats.<\/p>\n<p style=\"margin-bottom: 0in; text-align: justify;\"><br><\/p>\n<p style=\"margin-bottom: 0in; text-align: justify;\">\n<\/p><p style=\"margin-bottom: 0in; text-align: justify;\">\n<\/p><p style=\"margin-bottom: 0in; text-align: justify;\">In addition to theoretical topics, practical workshops on security and response to terrorist attacks were also conducted. Participants were divided into four training groups, each focusing on different thematic areas. Each group cyclically participated in all workshop modules, which lasted 60 minutes each. During the workshops, participants collected stamps that entitled them to participate in a prize draw during the formal banquet.&nbsp;<span style=\"font-family: inherit; font-size: inherit; font-style: inherit; font-variant-ligatures: inherit; font-variant-caps: inherit; font-weight: inherit; background-color: var( --e-global-color-b05dcb1 ); color: var(--theme-text-color); letter-spacing: var(--theme-letter-spacing); text-transform: var(--theme-text-transform);\">The workshops included four training modules covering selected techniques for responding&nbsp;<\/span><span style=\"font-family: inherit; font-size: inherit; font-style: inherit; font-variant-ligatures: inherit; font-variant-caps: inherit; font-weight: inherit; background-color: var( --e-global-color-b05dcb1 ); color: var(--theme-text-color); letter-spacing: var(--theme-letter-spacing); text-transform: var(--theme-text-transform);\">to military and terrorist threats, providing first aid in response to attacks, and&nbsp;<\/span><span style=\"font-family: inherit; font-size: inherit; font-style: inherit; font-variant-ligatures: inherit; font-variant-caps: inherit; font-weight: inherit; background-color: var( --e-global-color-b05dcb1 ); color: var(--theme-text-color); letter-spacing: var(--theme-letter-spacing); text-transform: var(--theme-text-transform);\">the practical aspects of technical security measures.<\/span><\/p>\n<p style=\"margin-bottom: 0in; text-align: justify;\"><span style=\"font-family: inherit; font-size: inherit; font-style: inherit; font-variant-ligatures: inherit; font-variant-caps: inherit; font-weight: inherit; background-color: var( --e-global-color-b05dcb1 ); color: var(--theme-text-color); letter-spacing: var(--theme-letter-spacing); text-transform: var(--theme-text-transform);\">&nbsp;<\/span><\/p>\n<p style=\"margin-bottom: 0in; text-align: justify;\">\n<\/p><p style=\"margin-bottom: 0in; text-align: justify;\">The second day of the SAFE PLACE 2023 Congress concluded with a formal banquet during which awards were presented, acknowledgments were given to co-organizers and event partners. Additionally, prizes were awarded for shooting competitions, prize draws were held for gifts sponsored by technical partners, and souvenirs were distributed to Congress participants. The official part of the banquet concluded with a celebration marking the sixth edition of the event.<\/p>\n<p style=\"margin-bottom: 0in; text-align: justify;\">\n<\/p><p style=\"margin-bottom: 0in; text-align: justify;\">\n<\/p><p style=\"margin-bottom: 0in; text-align: justify;\"><br><\/p>\n<p style=\"margin-bottom: 0in; text-align: justify;\">On the third day of the SAFE PLACE 2023 Congress, two parallel scientific sessions began: \"Risk analysis and security threat forecasting for facilities\" and \"Fire protection in facilities: Detection, warning, alarm, and evacuation.\" The third and final session during the Congress was a joint session focusing on selected issues in anti-terrorism security for public utility buildings. Within these sessions, there were two expert debates and sixteen individual presentations.<\/p>\n<p style=\"margin-bottom: 0in; text-align: justify;\">\n<\/p><p style=\"margin-bottom: 0in; text-align: justify;\">\n<\/p><\/div>\n<\/div>\n<\/div>\n<\/div>\t\t\t\t\t\t\t\t<\/div>\n\t\t\t\t<\/div>\n\t\t\t\t<div class=\"elementor-element elementor-element-e7d6a4d elementor-button-info elementor-align-left elementor-mobile-align-center exad-sticky-section-no exad-glass-effect-no elementor-widget elementor-widget-button\" data-id=\"e7d6a4d\" data-element_type=\"widget\" data-e-type=\"widget\" data-widget_type=\"button.default\">\n\t\t\t\t<div class=\"elementor-widget-container\">\n\t\t\t\t\t\t\t\t\t<div class=\"elementor-button-wrapper\">\n\t\t\t\t\t<a class=\"elementor-button elementor-button-link elementor-size-sm\" href=\"http:\/\/safeplace.edu.pl\/wp-content\/uploads\/2024\/06\/Sprawozdanie-Kongres-ze-zdjeciami.pdf\" target=\"_blank\">\n\t\t\t\t\t\t<span class=\"elementor-button-content-wrapper\">\n\t\t\t\t\t\t<span class=\"elementor-button-icon\">\n\t\t\t\t<svg aria-hidden=\"true\" class=\"e-font-icon-svg e-far-file-pdf\" viewbox=\"0 0 384 512\" xmlns=\"http:\/\/www.w3.org\/2000\/svg\"><path d=\"M369.9 97.9L286 14C277 5 264.8-.1 252.1-.1H48C21.5 0 0 21.5 0 48v416c0 26.5 21.5 48 48 48h288c26.5 0 48-21.5 48-48V131.9c0-12.7-5.1-25-14.1-34zM332.1 128H256V51.9l76.1 76.1zM48 464V48h160v104c0 13.3 10.7 24 24 24h104v288H48zm250.2-143.7c-12.2-12-47-8.7-64.4-6.5-17.2-10.5-28.7-25-36.8-46.3 3.9-16.1 10.1-40.6 5.4-56-4.2-26.2-37.8-23.6-42.6-5.9-4.4 16.1-.4 38.5 7 67.1-10 23.9-24.9 56-35.4 74.4-20 10.3-47 26.2-51 46.2-3.3 15.8 26 55.2 76.1-31.2 22.4-7.4 46.8-16.5 68.4-20.1 18.9 10.2 41 17 55.8 17 25.5 0 28-28.2 17.5-38.7zm-198.1 77.8c5.1-13.7 24.5-29.5 30.4-35-19 30.3-30.4 35.7-30.4 35zm81.6-190.6c7.4 0 6.7 32.1 1.8 40.8-4.4-13.9-4.3-40.8-1.8-40.8zm-24.4 136.6c9.7-16.9 18-37 24.7-54.7 8.3 15.1 18.9 27.2 30.1 35.5-20.8 4.3-38.9 13.1-54.8 19.2zm131.6-5s-5 6-37.3-7.8c35.1-2.6 40.9 5.4 37.3 7.8z\"><\/path><\/svg>\t\t\t<\/span>\n\t\t\t\t\t\t\t\t\t<span class=\"elementor-button-text\">Full report (PDF)<\/span>\n\t\t\t\t\t<\/span>\n\t\t\t\t\t<\/a>\n\t\t\t\t<\/div>\n\t\t\t\t\t\t\t\t<\/div>\n\t\t\t\t<\/div>\n\t\t\t\t<\/div>\n\t\t\t\t<\/div>\n\t\t\t\t<\/div>","protected":false},"excerpt":{"rendered":"<p>SAFE PLACE 2023 W dniach 20-22 listopada 2023 roku na terenie Wojskowej Akademii Technicznej im. Jaros\u0142awa D\u0105browskiego w Warszawie odby\u0142 si\u0119 VI Mi\u0119dzynarodowy Kongres Naukowo \u2013 Techniczny SAFE PLACE 2023 &#8211; Odporno\u015b\u0107 obiekt\u00f3w u\u017cyteczno\u015bci publicznej i infrastruktury krytycznej wobec zagro\u017ce\u0144 wojennych, hybrydowych i terrorystycznych. Wydarzenie odby\u0142o si\u0119 pod patronatem honorowym Szefa Biura Bezpiecze\u0144stwa Narodowego, Dyrektora [&hellip;]<\/p>\n","protected":false},"author":3,"featured_media":1271,"parent":0,"menu_order":0,"comment_status":"closed","ping_status":"closed","template":"","meta":{"_acf_changed":false,"footnotes":""},"class_list":["post-909","page","type-page","status-publish","has-post-thumbnail","hentry"],"blocksy_meta":[],"acf":[],"_links":{"self":[{"href":"https:\/\/safeplace.edu.pl\/en\/wp-json\/wp\/v2\/pages\/909","targetHints":{"allow":["GET"]}}],"collection":[{"href":"https:\/\/safeplace.edu.pl\/en\/wp-json\/wp\/v2\/pages"}],"about":[{"href":"https:\/\/safeplace.edu.pl\/en\/wp-json\/wp\/v2\/types\/page"}],"author":[{"embeddable":true,"href":"https:\/\/safeplace.edu.pl\/en\/wp-json\/wp\/v2\/users\/3"}],"replies":[{"embeddable":true,"href":"https:\/\/safeplace.edu.pl\/en\/wp-json\/wp\/v2\/comments?post=909"}],"version-history":[{"count":98,"href":"https:\/\/safeplace.edu.pl\/en\/wp-json\/wp\/v2\/pages\/909\/revisions"}],"predecessor-version":[{"id":5015,"href":"https:\/\/safeplace.edu.pl\/en\/wp-json\/wp\/v2\/pages\/909\/revisions\/5015"}],"wp:featuredmedia":[{"embeddable":true,"href":"https:\/\/safeplace.edu.pl\/en\/wp-json\/wp\/v2\/media\/1271"}],"wp:attachment":[{"href":"https:\/\/safeplace.edu.pl\/en\/wp-json\/wp\/v2\/media?parent=909"}],"curies":[{"name":"wp","href":"https:\/\/api.w.org\/{rel}","templated":true}]}}