{"id":83,"date":"2018-06-04T09:20:58","date_gmt":"2018-06-04T09:20:58","guid":{"rendered":"http:\/\/safeplace.edu.pl\/?page_id=83"},"modified":"2025-07-14T11:13:07","modified_gmt":"2025-07-14T11:13:07","slug":"2018-2","status":"publish","type":"page","link":"https:\/\/safeplace.edu.pl\/en\/2018-2\/","title":{"rendered":"SAFE PLACE 2018"},"content":{"rendered":"<div data-elementor-type=\"wp-page\" data-elementor-id=\"83\" class=\"elementor elementor-83\" data-elementor-settings=\"{&quot;ha_cmc_init_switcher&quot;:&quot;no&quot;}\">\n\t\t\t\t<div class=\"elementor-element elementor-element-eda11f5 e-flex e-con-boxed e-con e-parent\" data-id=\"eda11f5\" data-element_type=\"container\" data-e-type=\"container\" data-settings=\"{&quot;background_background&quot;:&quot;classic&quot;,&quot;_ha_eqh_enable&quot;:false}\">\n\t\t\t\t\t<div class=\"e-con-inner\">\n\t\t<div class=\"elementor-element elementor-element-1c7a4ee e-con-full e-flex e-con e-child\" data-id=\"1c7a4ee\" data-element_type=\"container\" data-e-type=\"container\" data-settings=\"{&quot;_ha_eqh_enable&quot;:false}\">\n\t\t\t\t<div class=\"elementor-element elementor-element-c5ed186 exad-sticky-section-no exad-glass-effect-no elementor-invisible elementor-widget elementor-widget-heading\" data-id=\"c5ed186\" data-element_type=\"widget\" data-e-type=\"widget\" data-settings=\"{&quot;_animation&quot;:&quot;fadeInLeft&quot;}\" data-widget_type=\"heading.default\">\n\t\t\t\t<div class=\"elementor-widget-container\">\n\t\t\t\t\t<h2 class=\"elementor-heading-title elementor-size-default\">SAFE PLACE 2018<\/h2>\t\t\t\t<\/div>\n\t\t\t\t<\/div>\n\t\t\t\t<\/div>\n\t\t<div class=\"elementor-element elementor-element-3b0657c e-con-full e-flex e-con e-child\" data-id=\"3b0657c\" data-element_type=\"container\" data-e-type=\"container\" data-settings=\"{&quot;_ha_eqh_enable&quot;:false}\">\n\t\t\t\t<\/div>\n\t\t\t\t\t<\/div>\n\t\t\t\t<\/div>\n\t\t<div class=\"elementor-element elementor-element-bc7d683 e-con-full e-flex e-con e-parent\" data-id=\"bc7d683\" data-element_type=\"container\" data-e-type=\"container\" data-settings=\"{&quot;background_background&quot;:&quot;classic&quot;,&quot;_ha_eqh_enable&quot;:false}\">\n\t\t<div class=\"elementor-element elementor-element-1f7a787 e-con-full e-flex e-con e-child\" data-id=\"1f7a787\" data-element_type=\"container\" data-e-type=\"container\" data-settings=\"{&quot;_ha_eqh_enable&quot;:false}\">\n\t\t\t\t<div class=\"elementor-element elementor-element-f549c2a exad-sticky-section-no exad-glass-effect-no elementor-widget elementor-widget-image\" data-id=\"f549c2a\" data-element_type=\"widget\" data-e-type=\"widget\" data-widget_type=\"image.default\">\n\t\t\t\t<div class=\"elementor-widget-container\">\n\t\t\t\t\t\t\t\t\t\t\t\t\t\t\t<img fetchpriority=\"high\" decoding=\"async\" width=\"885\" height=\"595\" src=\"https:\/\/safeplace.edu.pl\/wp-content\/uploads\/2024\/06\/Przechwytywanie1-1-1.jpg\" class=\"attachment-large size-large wp-image-842\" alt=\"\" srcset=\"https:\/\/safeplace.edu.pl\/wp-content\/uploads\/2024\/06\/Przechwytywanie1-1-1.jpg 885w, https:\/\/safeplace.edu.pl\/wp-content\/uploads\/2024\/06\/Przechwytywanie1-1-1-300x202.jpg 300w, https:\/\/safeplace.edu.pl\/wp-content\/uploads\/2024\/06\/Przechwytywanie1-1-1-768x516.jpg 768w\" sizes=\"(max-width: 885px) 100vw, 885px\" \/>\t\t\t\t\t\t\t\t\t\t\t\t\t\t\t<\/div>\n\t\t\t\t<\/div>\n\t\t\t\t<div class=\"elementor-element elementor-element-a26c5e9 exad-sticky-section-no exad-glass-effect-no elementor-widget elementor-widget-image\" data-id=\"a26c5e9\" data-element_type=\"widget\" data-e-type=\"widget\" data-widget_type=\"image.default\">\n\t\t\t\t<div class=\"elementor-widget-container\">\n\t\t\t\t\t\t\t\t\t\t\t\t\t\t\t<img decoding=\"async\" width=\"1011\" height=\"674\" src=\"https:\/\/safeplace.edu.pl\/wp-content\/uploads\/2024\/06\/Przechwytywanie2-2.jpg\" class=\"attachment-large size-large wp-image-843\" alt=\"\" srcset=\"https:\/\/safeplace.edu.pl\/wp-content\/uploads\/2024\/06\/Przechwytywanie2-2.jpg 1011w, https:\/\/safeplace.edu.pl\/wp-content\/uploads\/2024\/06\/Przechwytywanie2-2-300x200.jpg 300w, https:\/\/safeplace.edu.pl\/wp-content\/uploads\/2024\/06\/Przechwytywanie2-2-768x512.jpg 768w\" sizes=\"(max-width: 1011px) 100vw, 1011px\" \/>\t\t\t\t\t\t\t\t\t\t\t\t\t\t\t<\/div>\n\t\t\t\t<\/div>\n\t\t\t\t<div class=\"elementor-element elementor-element-b02e8fc exad-sticky-section-no exad-glass-effect-no elementor-widget elementor-widget-image\" data-id=\"b02e8fc\" data-element_type=\"widget\" data-e-type=\"widget\" data-widget_type=\"image.default\">\n\t\t\t\t<div class=\"elementor-widget-container\">\n\t\t\t\t\t\t\t\t\t\t\t\t\t\t\t<img decoding=\"async\" width=\"989\" height=\"584\" src=\"https:\/\/safeplace.edu.pl\/wp-content\/uploads\/2024\/06\/Przechwytywanie3-2.jpg\" class=\"attachment-large size-large wp-image-844\" alt=\"\" srcset=\"https:\/\/safeplace.edu.pl\/wp-content\/uploads\/2024\/06\/Przechwytywanie3-2.jpg 989w, https:\/\/safeplace.edu.pl\/wp-content\/uploads\/2024\/06\/Przechwytywanie3-2-300x177.jpg 300w, https:\/\/safeplace.edu.pl\/wp-content\/uploads\/2024\/06\/Przechwytywanie3-2-768x454.jpg 768w\" sizes=\"(max-width: 989px) 100vw, 989px\" \/>\t\t\t\t\t\t\t\t\t\t\t\t\t\t\t<\/div>\n\t\t\t\t<\/div>\n\t\t\t\t<div class=\"elementor-element elementor-element-2c59b47 exad-sticky-section-no exad-glass-effect-no elementor-widget elementor-widget-image\" data-id=\"2c59b47\" data-element_type=\"widget\" data-e-type=\"widget\" data-widget_type=\"image.default\">\n\t\t\t\t<div class=\"elementor-widget-container\">\n\t\t\t\t\t\t\t\t\t\t\t\t\t\t\t<img loading=\"lazy\" decoding=\"async\" width=\"1021\" height=\"684\" src=\"https:\/\/safeplace.edu.pl\/wp-content\/uploads\/2024\/06\/Przechwytywanie4-2.jpg\" class=\"attachment-large size-large wp-image-845\" alt=\"\" srcset=\"https:\/\/safeplace.edu.pl\/wp-content\/uploads\/2024\/06\/Przechwytywanie4-2.jpg 1021w, https:\/\/safeplace.edu.pl\/wp-content\/uploads\/2024\/06\/Przechwytywanie4-2-300x201.jpg 300w, https:\/\/safeplace.edu.pl\/wp-content\/uploads\/2024\/06\/Przechwytywanie4-2-768x515.jpg 768w\" sizes=\"(max-width: 1021px) 100vw, 1021px\" \/>\t\t\t\t\t\t\t\t\t\t\t\t\t\t\t<\/div>\n\t\t\t\t<\/div>\n\t\t\t\t<div class=\"elementor-element elementor-element-78b4f7c exad-sticky-section-no exad-glass-effect-no elementor-widget elementor-widget-image\" data-id=\"78b4f7c\" data-element_type=\"widget\" data-e-type=\"widget\" data-widget_type=\"image.default\">\n\t\t\t\t<div class=\"elementor-widget-container\">\n\t\t\t\t\t\t\t\t\t\t\t\t\t\t\t<img loading=\"lazy\" decoding=\"async\" width=\"1024\" height=\"768\" src=\"https:\/\/safeplace.edu.pl\/wp-content\/uploads\/2024\/06\/Konferencja-Wroclaw-4.jpg\" class=\"attachment-large size-large wp-image-841\" alt=\"\" srcset=\"https:\/\/safeplace.edu.pl\/wp-content\/uploads\/2024\/06\/Konferencja-Wroclaw-4.jpg 1024w, https:\/\/safeplace.edu.pl\/wp-content\/uploads\/2024\/06\/Konferencja-Wroclaw-4-300x225.jpg 300w, https:\/\/safeplace.edu.pl\/wp-content\/uploads\/2024\/06\/Konferencja-Wroclaw-4-768x576.jpg 768w\" sizes=\"(max-width: 1024px) 100vw, 1024px\" \/>\t\t\t\t\t\t\t\t\t\t\t\t\t\t\t<\/div>\n\t\t\t\t<\/div>\n\t\t\t\t<\/div>\n\t\t<div class=\"elementor-element elementor-element-51996e0 e-con-full e-flex e-con e-child\" data-id=\"51996e0\" data-element_type=\"container\" data-e-type=\"container\" data-settings=\"{&quot;_ha_eqh_enable&quot;:false}\">\n\t\t\t\t<div class=\"elementor-element elementor-element-9eff756 exad-sticky-section-no exad-glass-effect-no elementor-widget elementor-widget-text-editor\" data-id=\"9eff756\" data-element_type=\"widget\" data-e-type=\"widget\" data-widget_type=\"text-editor.default\">\n\t\t\t\t<div class=\"elementor-widget-container\">\n\t\t\t\t\t\t\t\t\t<div id=\"sppb-addon-wrapper-1647516947081\" class=\"sppb-addon-wrapper addon-root-text-block\"><div id=\"sppb-addon-1647516947081\" class=\"clearfix\"><div class=\"sppb-addon sppb-addon-text-block\"><div class=\"sppb-addon-content\"><div id=\"sppb-addon-wrapper-1647516947081\" class=\"sppb-addon-wrapper addon-root-text-block\"><div id=\"sppb-addon-1647516947081\" class=\"clearfix\"><div class=\"sppb-addon sppb-addon-text-block\"><div class=\"sppb-addon-content\"><div id=\"sppb-addon-wrapper-1647516947081\" class=\"sppb-addon-wrapper addon-root-text-block\"><div id=\"sppb-addon-1647516947081\" class=\"clearfix\"><div class=\"sppb-addon sppb-addon-text-block\"><div class=\"sppb-addon-content\"><p style=\"margin-bottom: 0in; text-align: justify;\">The 2nd National Congress titled \"Counterterrorism Security of Public Utility Buildings - Challenges and Recommendations\" took place on November 21-22, 2018, at the Congress Center of Hotel Terminal in Wroc\u0142aw. The event was organized by the Department of Sociology of Education at the Institute of Sociology of the University of Wroc\u0142aw, the Department of Criminology and Security Sciences at the Faculty of Law, Administration, and Economics of the University of Wroc\u0142aw, the Higher School of Public and Individual Security Apeiron in Krak\u00f3w, and the company Safety Project.<\/p><p style=\"margin-bottom: 0in; text-align: justify;\">\u00a0<\/p><\/div><\/div><\/div><\/div><div id=\"sppb-addon-wrapper-fd5a974e-cdbf-4143-a7a0-b0bcdada982f\" class=\"sppb-addon-wrapper addon-root-text-block\"><div id=\"sppb-addon-fd5a974e-cdbf-4143-a7a0-b0bcdada982f\" class=\"clearfix\"><div class=\"sppb-addon sppb-addon-text-block\"><div class=\"sppb-addon-content\"><p style=\"text-align: justify;\">The conference became a multidimensional platform for exchanging insights, research findings, and professional experiences in the field of security management in public utility buildings. All these elements, combined with high attendance, underscored the strength of the initiative and justified organizing future editions. Due to a broader scope of topics compared to the previous year, the sessions were conducted simultaneously in two conference rooms.<\/p><p style=\"text-align: justify;\">\u00a0<\/p><\/div><\/div><\/div><\/div><div id=\"sppb-addon-wrapper-73fc3967-5509-408e-96e6-41ffa8c67b79\" class=\"sppb-addon-wrapper addon-root-text-block\"><div id=\"sppb-addon-73fc3967-5509-408e-96e6-41ffa8c67b79\" class=\"clearfix\"><div class=\"sppb-addon sppb-addon-text-block\"><div class=\"sppb-addon-content\"><p style=\"text-align: justify;\">The conference format was based on combining thematic presentations by successive speakers with substantive panel discussions, inviting recognized scientists and practitioners in the field of counterterrorism security. During the discussions on contemporary terrorism, conclusions were drawn, including the observation that methods and tools used by perpetrators of terrorist attacks are becoming increasingly simplistic, a trend expected to persist in Europe. Attackers are likely to continue targeting soft targets such as gatherings of people, including entertainment and cultural events, using knives, machetes, or firearms. During coffee breaks, conference participants had the opportunity to explore the offerings presented at the booths of technical partners and publishers Adam Marsza\u0142ek and Difin.<\/p><p style=\"text-align: justify;\">\u00a0<\/p><\/div><\/div><\/div><\/div><div id=\"sppb-addon-wrapper-eb69b85b-0ec7-4f1e-ada7-dd79186fc39f\" class=\"sppb-addon-wrapper addon-root-text-block\"><div id=\"sppb-addon-eb69b85b-0ec7-4f1e-ada7-dd79186fc39f\" class=\"clearfix\"><div class=\"sppb-addon sppb-addon-text-block\"><div class=\"sppb-addon-content\"><p style=\"text-align: justify;\">The conference offered additional attractions such as the opportunity to familiarize oneself with vehicles, equipment, and specialized gear from the police and military special forces units, including the Military Gendarmerie Special Unit and the Police Special Anti-Terrorist Unit in Wroc\u0142aw. Additionally, the Military Gendarmerie provided participants access to a road collision simulator and a 3D driving simulator, allowing everyone to showcase and enhance their vehicle handling skills. For several hours, there was also a presentation of the forensic ambulance of the Military Gendarmerie. \n\nDuring subsequent panels and scientific sessions, the topics of counterterrorism security for Critical Infrastructure and objects subject to mandatory protection were addressed. Interesting and substantive presentations were delivered by representatives of the Polish Committee for Standardization, the Polish Chamber of Alarm Systems, as well as representatives from the Police, Military Gendarmerie, Internal Security Agency, and the Voivodeship Office in Wroc\u0142aw.<\/p><p style=\"text-align: justify;\">\u00a0<\/p><\/div><\/div><\/div><\/div><div id=\"sppb-addon-wrapper-eade5f98-625f-4c05-bb04-3b3ce30d18e5\" class=\"sppb-addon-wrapper addon-root-text-block\"><div id=\"sppb-addon-eade5f98-625f-4c05-bb04-3b3ce30d18e5\" class=\"clearfix\"><div class=\"sppb-addon sppb-addon-text-block\"><div class=\"sppb-addon-content\"><p style=\"text-align: justify;\">All panelists unanimously agreed that in the era of real hybrid threats, protecting Critical Infrastructure (CI) takes on particular significance. It was concluded that protective measures should be focused on strengthening CI and ensuring its continuity of operation. This has been planned as one of the key elements for future editions of the Congress.<\/p><\/div><\/div><\/div><\/div><\/div><\/div><\/div><\/div><\/div><\/div><\/div><\/div>\t\t\t\t\t\t\t\t<\/div>\n\t\t\t\t<\/div>\n\t\t\t\t<\/div>\n\t\t\t\t<\/div>\n\t\t\t\t<\/div>","protected":false},"excerpt":{"rendered":"<p>SAFE PLACE 2018 II Og\u00f3lnopolski Kongres pt. \u201eBezpiecze\u0144stwo antyterrorystyczne budynk\u00f3w u\u017cyteczno\u015bci publicznej \u2013 wyzwania i rekomendacje\u201d odby\u0142 si\u0119 w dniach 21-22 listopada 2018 roku we wroc\u0142awskim Centrum Kongresowym Hotelu Terminal. Organizatorami wydarzenia by\u0142y: Zak\u0142ad Socjologii Edukacji Instytutu Socjologii Uniwersytetu Wroc\u0142awskiego, Katedra Kryminologii i Nauk o Bezpiecze\u0144stwie Wydzia\u0142u Prawa, Administracji i Ekonomii Uniwersytetu Wroc\u0142awskiego, Wy\u017csza Szko\u0142a [&hellip;]<\/p>\n","protected":false},"author":3,"featured_media":842,"parent":0,"menu_order":0,"comment_status":"closed","ping_status":"closed","template":"","meta":{"_acf_changed":false,"footnotes":""},"class_list":["post-83","page","type-page","status-publish","has-post-thumbnail","hentry"],"blocksy_meta":[],"acf":[],"_links":{"self":[{"href":"https:\/\/safeplace.edu.pl\/en\/wp-json\/wp\/v2\/pages\/83","targetHints":{"allow":["GET"]}}],"collection":[{"href":"https:\/\/safeplace.edu.pl\/en\/wp-json\/wp\/v2\/pages"}],"about":[{"href":"https:\/\/safeplace.edu.pl\/en\/wp-json\/wp\/v2\/types\/page"}],"author":[{"embeddable":true,"href":"https:\/\/safeplace.edu.pl\/en\/wp-json\/wp\/v2\/users\/3"}],"replies":[{"embeddable":true,"href":"https:\/\/safeplace.edu.pl\/en\/wp-json\/wp\/v2\/comments?post=83"}],"version-history":[{"count":42,"href":"https:\/\/safeplace.edu.pl\/en\/wp-json\/wp\/v2\/pages\/83\/revisions"}],"predecessor-version":[{"id":5028,"href":"https:\/\/safeplace.edu.pl\/en\/wp-json\/wp\/v2\/pages\/83\/revisions\/5028"}],"wp:featuredmedia":[{"embeddable":true,"href":"https:\/\/safeplace.edu.pl\/en\/wp-json\/wp\/v2\/media\/842"}],"wp:attachment":[{"href":"https:\/\/safeplace.edu.pl\/en\/wp-json\/wp\/v2\/media?parent=83"}],"curies":[{"name":"wp","href":"https:\/\/api.w.org\/{rel}","templated":true}]}}