{"id":82,"date":"2017-06-04T09:20:58","date_gmt":"2017-06-04T09:20:58","guid":{"rendered":"http:\/\/safeplace.edu.pl\/?page_id=82"},"modified":"2025-07-14T11:15:19","modified_gmt":"2025-07-14T11:15:19","slug":"2017-2","status":"publish","type":"page","link":"https:\/\/safeplace.edu.pl\/en\/2017-2\/","title":{"rendered":"SAFE PLACE 2017"},"content":{"rendered":"<div data-elementor-type=\"wp-page\" data-elementor-id=\"82\" class=\"elementor elementor-82\" data-elementor-settings=\"{&quot;ha_cmc_init_switcher&quot;:&quot;no&quot;}\">\n\t\t\t\t<div class=\"elementor-element elementor-element-968c249 e-flex e-con-boxed e-con e-parent\" data-id=\"968c249\" data-element_type=\"container\" data-e-type=\"container\" data-settings=\"{&quot;background_background&quot;:&quot;classic&quot;,&quot;_ha_eqh_enable&quot;:false}\">\n\t\t\t\t\t<div class=\"e-con-inner\">\n\t\t<div class=\"elementor-element elementor-element-a05c33f e-con-full e-flex e-con e-child\" data-id=\"a05c33f\" data-element_type=\"container\" data-e-type=\"container\" data-settings=\"{&quot;_ha_eqh_enable&quot;:false}\">\n\t\t\t\t<div class=\"elementor-element elementor-element-8160276 exad-sticky-section-no exad-glass-effect-no elementor-invisible elementor-widget elementor-widget-heading\" data-id=\"8160276\" data-element_type=\"widget\" data-e-type=\"widget\" data-settings=\"{&quot;_animation&quot;:&quot;fadeInLeft&quot;}\" data-widget_type=\"heading.default\">\n\t\t\t\t<div class=\"elementor-widget-container\">\n\t\t\t\t\t<h2 class=\"elementor-heading-title elementor-size-default\">SAFE PLACE 2017<\/h2>\t\t\t\t<\/div>\n\t\t\t\t<\/div>\n\t\t\t\t<\/div>\n\t\t<div class=\"elementor-element elementor-element-d6c65fe e-con-full e-flex e-con e-child\" data-id=\"d6c65fe\" data-element_type=\"container\" data-e-type=\"container\" data-settings=\"{&quot;_ha_eqh_enable&quot;:false}\">\n\t\t\t\t<\/div>\n\t\t\t\t\t<\/div>\n\t\t\t\t<\/div>\n\t\t<div class=\"elementor-element elementor-element-8d26e71 e-con-full e-flex e-con e-parent\" data-id=\"8d26e71\" data-element_type=\"container\" data-e-type=\"container\" data-settings=\"{&quot;background_background&quot;:&quot;classic&quot;,&quot;_ha_eqh_enable&quot;:false}\">\n\t\t<div class=\"elementor-element elementor-element-f7a3867 e-con-full e-flex e-con e-child\" data-id=\"f7a3867\" data-element_type=\"container\" data-e-type=\"container\" data-settings=\"{&quot;_ha_eqh_enable&quot;:false}\">\n\t\t\t\t<div class=\"elementor-element elementor-element-6e46f82 exad-sticky-section-no exad-glass-effect-no elementor-widget elementor-widget-image\" data-id=\"6e46f82\" data-element_type=\"widget\" data-e-type=\"widget\" data-widget_type=\"image.default\">\n\t\t\t\t<div class=\"elementor-widget-container\">\n\t\t\t\t\t\t\t\t\t\t\t\t\t\t\t<img fetchpriority=\"high\" decoding=\"async\" width=\"855\" height=\"569\" src=\"https:\/\/safeplace.edu.pl\/wp-content\/uploads\/2024\/06\/2.png\" class=\"attachment-large size-large wp-image-862\" alt=\"\" srcset=\"https:\/\/safeplace.edu.pl\/wp-content\/uploads\/2024\/06\/2.png 855w, https:\/\/safeplace.edu.pl\/wp-content\/uploads\/2024\/06\/2-300x200.png 300w, https:\/\/safeplace.edu.pl\/wp-content\/uploads\/2024\/06\/2-768x511.png 768w\" sizes=\"(max-width: 855px) 100vw, 855px\" \/>\t\t\t\t\t\t\t\t\t\t\t\t\t\t\t<\/div>\n\t\t\t\t<\/div>\n\t\t\t\t<div class=\"elementor-element elementor-element-9acb1a0 exad-sticky-section-no exad-glass-effect-no elementor-widget elementor-widget-image\" data-id=\"9acb1a0\" data-element_type=\"widget\" data-e-type=\"widget\" data-widget_type=\"image.default\">\n\t\t\t\t<div class=\"elementor-widget-container\">\n\t\t\t\t\t\t\t\t\t\t\t\t\t\t\t<img decoding=\"async\" width=\"840\" height=\"500\" src=\"https:\/\/safeplace.edu.pl\/wp-content\/uploads\/2024\/06\/3.png\" class=\"attachment-large size-large wp-image-863\" alt=\"\" srcset=\"https:\/\/safeplace.edu.pl\/wp-content\/uploads\/2024\/06\/3.png 840w, https:\/\/safeplace.edu.pl\/wp-content\/uploads\/2024\/06\/3-300x179.png 300w, https:\/\/safeplace.edu.pl\/wp-content\/uploads\/2024\/06\/3-768x457.png 768w\" sizes=\"(max-width: 840px) 100vw, 840px\" \/>\t\t\t\t\t\t\t\t\t\t\t\t\t\t\t<\/div>\n\t\t\t\t<\/div>\n\t\t\t\t<div class=\"elementor-element elementor-element-c702e46 exad-sticky-section-no exad-glass-effect-no elementor-widget elementor-widget-image\" data-id=\"c702e46\" data-element_type=\"widget\" data-e-type=\"widget\" data-widget_type=\"image.default\">\n\t\t\t\t<div class=\"elementor-widget-container\">\n\t\t\t\t\t\t\t\t\t\t\t\t\t\t\t<img decoding=\"async\" width=\"849\" height=\"569\" src=\"https:\/\/safeplace.edu.pl\/wp-content\/uploads\/2024\/06\/4.png\" class=\"attachment-large size-large wp-image-864\" alt=\"\" srcset=\"https:\/\/safeplace.edu.pl\/wp-content\/uploads\/2024\/06\/4.png 849w, https:\/\/safeplace.edu.pl\/wp-content\/uploads\/2024\/06\/4-300x201.png 300w, https:\/\/safeplace.edu.pl\/wp-content\/uploads\/2024\/06\/4-768x515.png 768w\" sizes=\"(max-width: 849px) 100vw, 849px\" \/>\t\t\t\t\t\t\t\t\t\t\t\t\t\t\t<\/div>\n\t\t\t\t<\/div>\n\t\t\t\t<div class=\"elementor-element elementor-element-867735b exad-sticky-section-no exad-glass-effect-no elementor-widget elementor-widget-image\" data-id=\"867735b\" data-element_type=\"widget\" data-e-type=\"widget\" data-widget_type=\"image.default\">\n\t\t\t\t<div class=\"elementor-widget-container\">\n\t\t\t\t\t\t\t\t\t\t\t\t\t\t\t<img loading=\"lazy\" decoding=\"async\" width=\"705\" height=\"470\" src=\"https:\/\/safeplace.edu.pl\/wp-content\/uploads\/2024\/06\/5.png\" class=\"attachment-large size-large wp-image-865\" alt=\"\" srcset=\"https:\/\/safeplace.edu.pl\/wp-content\/uploads\/2024\/06\/5.png 705w, https:\/\/safeplace.edu.pl\/wp-content\/uploads\/2024\/06\/5-300x200.png 300w\" sizes=\"(max-width: 705px) 100vw, 705px\" \/>\t\t\t\t\t\t\t\t\t\t\t\t\t\t\t<\/div>\n\t\t\t\t<\/div>\n\t\t\t\t<\/div>\n\t\t<div class=\"elementor-element elementor-element-347eb5f e-con-full e-flex e-con e-child\" data-id=\"347eb5f\" data-element_type=\"container\" data-e-type=\"container\" data-settings=\"{&quot;_ha_eqh_enable&quot;:false}\">\n\t\t\t\t<div class=\"elementor-element elementor-element-8c17f1e exad-sticky-section-no exad-glass-effect-no elementor-widget elementor-widget-text-editor\" data-id=\"8c17f1e\" data-element_type=\"widget\" data-e-type=\"widget\" data-widget_type=\"text-editor.default\">\n\t\t\t\t<div class=\"elementor-widget-container\">\n\t\t\t\t\t\t\t\t\t<div id=\"sppb-addon-wrapper-1647516947081\" class=\"sppb-addon-wrapper addon-root-text-block\"><div id=\"sppb-addon-1647516947081\" class=\"clearfix\"><div class=\"sppb-addon sppb-addon-text-block\"><div class=\"sppb-addon-content\"><div id=\"sppb-addon-wrapper-1647516947081\" class=\"sppb-addon-wrapper addon-root-text-block\"><div id=\"sppb-addon-1647516947081\" class=\"clearfix\"><div class=\"sppb-addon sppb-addon-text-block\"><div class=\"sppb-addon-content\"><div id=\"sppb-addon-wrapper-1647516947081\" class=\"sppb-addon-wrapper addon-root-text-block\"><div id=\"sppb-addon-1647516947081\" class=\"clearfix\"><div class=\"sppb-addon sppb-addon-text-block\"><div class=\"sppb-addon-content\"><div id=\"sppb-addon-wrapper-1647516947081\" class=\"sppb-addon-wrapper addon-root-text-block\"><div id=\"sppb-addon-1647516947081\" class=\"clearfix\"><div class=\"sppb-addon sppb-addon-text-block\"><div class=\"sppb-addon-content\"><p style=\"margin-bottom: 0in; text-align: justify;\">On November 21-22, 2017, the first National Scientific Conference titled \"Antiterrorist Security of Public Utility Buildings: Theory and Practice\" took place at the Conference Center of Hotel Terminal in Wroc\u0142aw. The event was honored with the patronage of the Marshal of the Lower Silesian Voivodeship.<\/p><p style=\"margin-bottom: 0in; text-align: justify;\">\u00a0<\/p><p>\u00a0<\/p><\/div><\/div><\/div><\/div><div id=\"sppb-addon-wrapper-fd5a974e-cdbf-4143-a7a0-b0bcdada982f\" class=\"sppb-addon-wrapper addon-root-text-block\"><div id=\"sppb-addon-fd5a974e-cdbf-4143-a7a0-b0bcdada982f\" class=\"clearfix\"><div class=\"sppb-addon sppb-addon-text-block\"><div class=\"sppb-addon-content\"><div style=\"text-align: justify;\">It was the first event of its kind where representatives from the largest security services in Poland, employees of the public administration sector, as well as managers responsible for the security of public utility buildings and several security firms participated. The conference attracted nearly 250 attendees.<\/div><div style=\"text-align: justify;\">\u00a0<\/div><p>\u00a0<\/p><\/div><\/div><\/div><\/div><div id=\"sppb-addon-wrapper-73fc3967-5509-408e-96e6-41ffa8c67b79\" class=\"sppb-addon-wrapper addon-root-text-block\"><div id=\"sppb-addon-73fc3967-5509-408e-96e6-41ffa8c67b79\" class=\"clearfix\"><div class=\"sppb-addon sppb-addon-text-block\"><div class=\"sppb-addon-content\"><p style=\"text-align: justify;\">The organizers of the event, namely the Department of Sociology of Education at the Institute of Sociology of the University of Wroc\u0142aw, the Department of Criminology and Security Sciences at the Faculty of Law, Administration and Economics of the University of Wroc\u0142aw, and the training company Safety Project Stelmach Jaros\u0142aw, made every effort to achieve the highest level of substantive and organizational quality for the event. This was made possible through collaboration with institutions serving as scientific co-organizers, including the Police Academy in Szczytno, Wroc\u0142aw School of Banking, Provincial Police Headquarters in Wroc\u0142aw, Regional Inspectorate of Prison Service in Wroc\u0142aw, Polish Bank Association, Department of Sociology of Dispositional Groups at the University of Wroc\u0142aw, and the Polish Society for National Security.<\/p><p style=\"text-align: justify;\">\u00a0<\/p><\/div><\/div><\/div><\/div><div id=\"sppb-addon-wrapper-eb69b85b-0ec7-4f1e-ada7-dd79186fc39f\" class=\"sppb-addon-wrapper addon-root-text-block\"><div id=\"sppb-addon-eb69b85b-0ec7-4f1e-ada7-dd79186fc39f\" class=\"clearfix\"><div class=\"sppb-addon sppb-addon-text-block\"><div class=\"sppb-addon-content\"><p style=\"text-align: justify;\">During the Conference, topics such as \"Terrorism as a Threat to the Security of Public Utility Buildings\", \"Prevention and Minimization of Consequences of Terrorist Incidents in Public Utility Buildings\", \"Counterterrorism Solutions and Response to Threats in Public Utility Buildings\", \"Anti-Terrorism Education, Training Methods for Terrorist Attacks on Children, Youth, Adults, and Seniors\", and \"Legal, Institutional, and Social Conditions of Anti-Terrorism Security of Public Utility Buildings\" were discussed.<\/p><p style=\"text-align: justify;\">\u00a0<\/p><\/div><\/div><\/div><\/div><div id=\"sppb-addon-wrapper-eade5f98-625f-4c05-bb04-3b3ce30d18e5\" class=\"sppb-addon-wrapper addon-root-text-block\"><div id=\"sppb-addon-eade5f98-625f-4c05-bb04-3b3ce30d18e5\" class=\"clearfix\"><div class=\"sppb-addon sppb-addon-text-block\"><div class=\"sppb-addon-content\"><p style=\"text-align: justify;\">The conference participants also visited the Municipal Stadium in Wroc\u0142aw, where the Director of Facility Security detailed the management of safety during the organization of mass events. An additional attraction for the participants was the opportunity to visit the stadium's command center and other key locations crucial for its security.\u00a0<\/p><\/div><\/div><\/div><\/div><\/div><\/div><\/div><\/div><\/div><\/div><\/div><\/div><\/div><\/div><\/div><\/div>\t\t\t\t\t\t\t\t<\/div>\n\t\t\t\t<\/div>\n\t\t\t\t<\/div>\n\t\t\t\t<\/div>\n\t\t\t\t<\/div>","protected":false},"excerpt":{"rendered":"<p>SAFE PLACE 2017 W dniach 21\u201322 listopada 2017 roku w Centrum Konferencyjnym Hotelu Terminal we Wroc\u0142awiu odby\u0142a si\u0119 pierwsza Og\u00f3lnopolska Konferencja Naukowa pt. \u201eBezpiecze\u0144stwo antyterrorystyczne budynk\u00f3w u\u017cyteczno\u015bci publicznej. Teoria i praktyka\u201d. Wydarzenie mog\u0142o poszczyci\u0107 si\u0119 patronatem honorowym Marsza\u0142ka Wojew\u00f3dztwa Dolno\u015bl\u0105skiego. \u00a0 \u00a0 To pierwsze tego rodzaju przedsi\u0119wzi\u0119cie, w kt\u00f3rym udzia\u0142 wzi\u0119li przedstawiciele nauki z\u00a0najwi\u0119kszych w [&hellip;]<\/p>\n","protected":false},"author":3,"featured_media":862,"parent":0,"menu_order":0,"comment_status":"closed","ping_status":"closed","template":"","meta":{"_acf_changed":false,"footnotes":""},"class_list":["post-82","page","type-page","status-publish","has-post-thumbnail","hentry"],"blocksy_meta":[],"acf":[],"_links":{"self":[{"href":"https:\/\/safeplace.edu.pl\/en\/wp-json\/wp\/v2\/pages\/82","targetHints":{"allow":["GET"]}}],"collection":[{"href":"https:\/\/safeplace.edu.pl\/en\/wp-json\/wp\/v2\/pages"}],"about":[{"href":"https:\/\/safeplace.edu.pl\/en\/wp-json\/wp\/v2\/types\/page"}],"author":[{"embeddable":true,"href":"https:\/\/safeplace.edu.pl\/en\/wp-json\/wp\/v2\/users\/3"}],"replies":[{"embeddable":true,"href":"https:\/\/safeplace.edu.pl\/en\/wp-json\/wp\/v2\/comments?post=82"}],"version-history":[{"count":27,"href":"https:\/\/safeplace.edu.pl\/en\/wp-json\/wp\/v2\/pages\/82\/revisions"}],"predecessor-version":[{"id":5031,"href":"https:\/\/safeplace.edu.pl\/en\/wp-json\/wp\/v2\/pages\/82\/revisions\/5031"}],"wp:featuredmedia":[{"embeddable":true,"href":"https:\/\/safeplace.edu.pl\/en\/wp-json\/wp\/v2\/media\/862"}],"wp:attachment":[{"href":"https:\/\/safeplace.edu.pl\/en\/wp-json\/wp\/v2\/media?parent=82"}],"curies":[{"name":"wp","href":"https:\/\/api.w.org\/{rel}","templated":true}]}}