{"id":81,"date":"2019-06-04T09:20:58","date_gmt":"2019-06-04T09:20:58","guid":{"rendered":"http:\/\/safeplace.edu.pl\/?page_id=81"},"modified":"2025-07-14T11:09:35","modified_gmt":"2025-07-14T11:09:35","slug":"2019-2","status":"publish","type":"page","link":"https:\/\/safeplace.edu.pl\/en\/2019-2\/","title":{"rendered":"SAFE PLACE 2019"},"content":{"rendered":"<div data-elementor-type=\"wp-page\" data-elementor-id=\"81\" class=\"elementor elementor-81\" data-elementor-settings=\"{&quot;ha_cmc_init_switcher&quot;:&quot;no&quot;}\">\n\t\t\t\t<div class=\"elementor-element elementor-element-66e9be3 e-flex e-con-boxed e-con e-parent\" data-id=\"66e9be3\" data-element_type=\"container\" data-e-type=\"container\" data-settings=\"{&quot;background_background&quot;:&quot;classic&quot;,&quot;_ha_eqh_enable&quot;:false}\">\n\t\t\t\t\t<div class=\"e-con-inner\">\n\t\t<div class=\"elementor-element elementor-element-881a8a6 e-con-full e-flex e-con e-child\" data-id=\"881a8a6\" data-element_type=\"container\" data-e-type=\"container\" data-settings=\"{&quot;_ha_eqh_enable&quot;:false}\">\n\t\t\t\t<div class=\"elementor-element elementor-element-75f14f3 exad-sticky-section-no exad-glass-effect-no elementor-invisible elementor-widget elementor-widget-heading\" data-id=\"75f14f3\" data-element_type=\"widget\" data-e-type=\"widget\" data-settings=\"{&quot;_animation&quot;:&quot;fadeInLeft&quot;}\" data-widget_type=\"heading.default\">\n\t\t\t\t<div class=\"elementor-widget-container\">\n\t\t\t\t\t<h2 class=\"elementor-heading-title elementor-size-default\">SAFE PLACE 2019<\/h2>\t\t\t\t<\/div>\n\t\t\t\t<\/div>\n\t\t\t\t<\/div>\n\t\t<div class=\"elementor-element elementor-element-7d32df0 e-con-full e-flex e-con e-child\" data-id=\"7d32df0\" data-element_type=\"container\" data-e-type=\"container\" data-settings=\"{&quot;_ha_eqh_enable&quot;:false}\">\n\t\t\t\t<div class=\"elementor-element elementor-element-befdf56 exad-sticky-section-no exad-glass-effect-no elementor-widget elementor-widget-video\" data-id=\"befdf56\" data-element_type=\"widget\" data-e-type=\"widget\" data-settings=\"{&quot;youtube_url&quot;:&quot;https:\\\/\\\/youtu.be\\\/47jFk69Xh0o&quot;,&quot;video_type&quot;:&quot;youtube&quot;,&quot;controls&quot;:&quot;yes&quot;}\" data-widget_type=\"video.default\">\n\t\t\t\t<div class=\"elementor-widget-container\">\n\t\t\t\t\t\t\t<div class=\"elementor-wrapper elementor-open-inline\">\n\t\t\t<div class=\"elementor-video\"><\/div>\t\t<\/div>\n\t\t\t\t\t\t<\/div>\n\t\t\t\t<\/div>\n\t\t\t\t<\/div>\n\t\t\t\t\t<\/div>\n\t\t\t\t<\/div>\n\t\t<div class=\"elementor-element elementor-element-646267a e-con-full e-flex e-con e-parent\" data-id=\"646267a\" data-element_type=\"container\" data-e-type=\"container\" data-settings=\"{&quot;background_background&quot;:&quot;classic&quot;,&quot;_ha_eqh_enable&quot;:false}\">\n\t\t<div class=\"elementor-element elementor-element-d5504ab e-con-full e-flex e-con e-child\" data-id=\"d5504ab\" data-element_type=\"container\" data-e-type=\"container\" data-settings=\"{&quot;_ha_eqh_enable&quot;:false}\">\n\t\t\t\t<div class=\"elementor-element elementor-element-eafce4b exad-sticky-section-no exad-glass-effect-no elementor-widget elementor-widget-image\" data-id=\"eafce4b\" data-element_type=\"widget\" data-e-type=\"widget\" data-widget_type=\"image.default\">\n\t\t\t\t<div class=\"elementor-widget-container\">\n\t\t\t\t\t\t\t\t\t\t\t\t\t\t\t<img fetchpriority=\"high\" decoding=\"async\" width=\"1017\" height=\"684\" src=\"https:\/\/safeplace.edu.pl\/wp-content\/uploads\/2024\/06\/Przechwytywanie1-1.jpg\" class=\"attachment-large size-large wp-image-827\" alt=\"\" srcset=\"https:\/\/safeplace.edu.pl\/wp-content\/uploads\/2024\/06\/Przechwytywanie1-1.jpg 1017w, https:\/\/safeplace.edu.pl\/wp-content\/uploads\/2024\/06\/Przechwytywanie1-1-300x202.jpg 300w, https:\/\/safeplace.edu.pl\/wp-content\/uploads\/2024\/06\/Przechwytywanie1-1-768x517.jpg 768w\" sizes=\"(max-width: 1017px) 100vw, 1017px\" \/>\t\t\t\t\t\t\t\t\t\t\t\t\t\t\t<\/div>\n\t\t\t\t<\/div>\n\t\t\t\t<div class=\"elementor-element elementor-element-d4575bd exad-sticky-section-no exad-glass-effect-no elementor-widget elementor-widget-image\" data-id=\"d4575bd\" data-element_type=\"widget\" data-e-type=\"widget\" data-widget_type=\"image.default\">\n\t\t\t\t<div class=\"elementor-widget-container\">\n\t\t\t\t\t\t\t\t\t\t\t\t\t\t\t<img decoding=\"async\" width=\"1024\" height=\"675\" src=\"https:\/\/safeplace.edu.pl\/wp-content\/uploads\/2024\/06\/Przechwytywanie2-1-1024x675.jpg\" class=\"attachment-large size-large wp-image-828\" alt=\"\" srcset=\"https:\/\/safeplace.edu.pl\/wp-content\/uploads\/2024\/06\/Przechwytywanie2-1-1024x675.jpg 1024w, https:\/\/safeplace.edu.pl\/wp-content\/uploads\/2024\/06\/Przechwytywanie2-1-300x198.jpg 300w, https:\/\/safeplace.edu.pl\/wp-content\/uploads\/2024\/06\/Przechwytywanie2-1-768x506.jpg 768w, https:\/\/safeplace.edu.pl\/wp-content\/uploads\/2024\/06\/Przechwytywanie2-1.jpg 1026w\" sizes=\"(max-width: 1024px) 100vw, 1024px\" \/>\t\t\t\t\t\t\t\t\t\t\t\t\t\t\t<\/div>\n\t\t\t\t<\/div>\n\t\t\t\t<div class=\"elementor-element elementor-element-0f3cf06 exad-sticky-section-no exad-glass-effect-no elementor-widget elementor-widget-image\" data-id=\"0f3cf06\" data-element_type=\"widget\" data-e-type=\"widget\" data-widget_type=\"image.default\">\n\t\t\t\t<div class=\"elementor-widget-container\">\n\t\t\t\t\t\t\t\t\t\t\t\t\t\t\t<img decoding=\"async\" width=\"1020\" height=\"686\" src=\"https:\/\/safeplace.edu.pl\/wp-content\/uploads\/2024\/06\/Przechwytywanie3-1.jpg\" class=\"attachment-large size-large wp-image-829\" alt=\"\" srcset=\"https:\/\/safeplace.edu.pl\/wp-content\/uploads\/2024\/06\/Przechwytywanie3-1.jpg 1020w, https:\/\/safeplace.edu.pl\/wp-content\/uploads\/2024\/06\/Przechwytywanie3-1-300x202.jpg 300w, https:\/\/safeplace.edu.pl\/wp-content\/uploads\/2024\/06\/Przechwytywanie3-1-768x517.jpg 768w\" sizes=\"(max-width: 1020px) 100vw, 1020px\" \/>\t\t\t\t\t\t\t\t\t\t\t\t\t\t\t<\/div>\n\t\t\t\t<\/div>\n\t\t\t\t<div class=\"elementor-element elementor-element-ad9922e exad-sticky-section-no exad-glass-effect-no elementor-widget elementor-widget-image\" data-id=\"ad9922e\" data-element_type=\"widget\" data-e-type=\"widget\" data-widget_type=\"image.default\">\n\t\t\t\t<div class=\"elementor-widget-container\">\n\t\t\t\t\t\t\t\t\t\t\t\t\t\t\t<img loading=\"lazy\" decoding=\"async\" width=\"1009\" height=\"687\" src=\"https:\/\/safeplace.edu.pl\/wp-content\/uploads\/2024\/06\/Przechwytywanie4-1.jpg\" class=\"attachment-large size-large wp-image-830\" alt=\"\" srcset=\"https:\/\/safeplace.edu.pl\/wp-content\/uploads\/2024\/06\/Przechwytywanie4-1.jpg 1009w, https:\/\/safeplace.edu.pl\/wp-content\/uploads\/2024\/06\/Przechwytywanie4-1-300x204.jpg 300w, https:\/\/safeplace.edu.pl\/wp-content\/uploads\/2024\/06\/Przechwytywanie4-1-768x523.jpg 768w\" sizes=\"(max-width: 1009px) 100vw, 1009px\" \/>\t\t\t\t\t\t\t\t\t\t\t\t\t\t\t<\/div>\n\t\t\t\t<\/div>\n\t\t\t\t<div class=\"elementor-element elementor-element-dc1e6ef exad-sticky-section-no exad-glass-effect-no elementor-widget elementor-widget-image\" data-id=\"dc1e6ef\" data-element_type=\"widget\" data-e-type=\"widget\" data-widget_type=\"image.default\">\n\t\t\t\t<div class=\"elementor-widget-container\">\n\t\t\t\t\t\t\t\t\t\t\t\t\t\t\t<img loading=\"lazy\" decoding=\"async\" width=\"1000\" height=\"667\" src=\"https:\/\/safeplace.edu.pl\/wp-content\/uploads\/2024\/06\/01-1.jpg\" class=\"attachment-large size-large wp-image-826\" alt=\"\" srcset=\"https:\/\/safeplace.edu.pl\/wp-content\/uploads\/2024\/06\/01-1.jpg 1000w, https:\/\/safeplace.edu.pl\/wp-content\/uploads\/2024\/06\/01-1-300x200.jpg 300w, https:\/\/safeplace.edu.pl\/wp-content\/uploads\/2024\/06\/01-1-768x512.jpg 768w\" sizes=\"(max-width: 1000px) 100vw, 1000px\" \/>\t\t\t\t\t\t\t\t\t\t\t\t\t\t\t<\/div>\n\t\t\t\t<\/div>\n\t\t\t\t<\/div>\n\t\t<div class=\"elementor-element elementor-element-61a4da4 e-con-full e-flex e-con e-child\" data-id=\"61a4da4\" data-element_type=\"container\" data-e-type=\"container\" data-settings=\"{&quot;_ha_eqh_enable&quot;:false}\">\n\t\t\t\t<div class=\"elementor-element elementor-element-5504655 exad-sticky-section-no exad-glass-effect-no elementor-widget elementor-widget-text-editor\" data-id=\"5504655\" data-element_type=\"widget\" data-e-type=\"widget\" data-widget_type=\"text-editor.default\">\n\t\t\t\t<div class=\"elementor-widget-container\">\n\t\t\t\t\t\t\t\t\t<div id=\"sppb-addon-wrapper-1647516947081\" class=\"sppb-addon-wrapper addon-root-text-block\"><div id=\"sppb-addon-1647516947081\" class=\"clearfix\"><div class=\"sppb-addon sppb-addon-text-block\"><div class=\"sppb-addon-content\"><div id=\"sppb-addon-wrapper-1647516947081\" class=\"sppb-addon-wrapper  addon-root-text-block\"><div id=\"sppb-addon-1647516947081\" class=\"clearfix\"><div class=\"sppb-addon sppb-addon-text-block\"><div class=\"sppb-addon-content\"><p style=\"margin-bottom: 0in; text-align: justify;\">III National Scientific and Technical Congress SAFE PLACE 2019 on \"Anti-Terrorist Security of Public Utility Buildings. Civil and Military Best Practices\" took place on November 19-20, 2019, at the Windsor Hotel in Jachranka near Warsaw.<\/p><\/div><\/div><\/div><\/div><div id=\"sppb-addon-wrapper-fd5a974e-cdbf-4143-a7a0-b0bcdada982f\" class=\"sppb-addon-wrapper  addon-root-text-block\"><div id=\"sppb-addon-fd5a974e-cdbf-4143-a7a0-b0bcdada982f\" class=\"clearfix\"><div class=\"sppb-addon sppb-addon-text-block\"><div class=\"sppb-addon-content\"><p style=\"text-align: justify;\">The number of participants has more than doubled compared to previous years, indicating the substantive strength of the event, which annually attracts new institutions to collaborate. The third edition of the Congress took place for the first time under the patronage of the Government Security Center and differed from previous editions in several aspects. For the first time in history, the event was named Safe Place. Additionally, the location was changed from Wroc\u0142aw to a venue closer to the capital, motivated by the desire to find a convenient place for as many participants as possible. Thus, SAFE PLACE 2019 was hosted at the exclusive Windsor Hotel in Jachranka. Secondly, the thematic panels were expanded to address even more significant issues. Greater emphasis was also placed on practical presentations by technical partners of the event. Safe Place is not just theory but also practice, encompassing demonstrations of the latest equipment and systems in the broad field of security. This provided participants with the opportunity to familiarize themselves with offerings presented by leading companies in the Polish and international markets. The two days of November were filled with substantive modules, panel discussions, several expert debates, and dozens of presentations and speeches, all contributing to increasing participants' knowledge and awareness in the area of counterterrorism security.<\/p><\/div><\/div><\/div><\/div><\/div><\/div><\/div><\/div>\t\t\t\t\t\t\t\t<\/div>\n\t\t\t\t<\/div>\n\t\t\t\t<div class=\"elementor-element elementor-element-efa8146 elementor-button-info elementor-align-left elementor-mobile-align-center exad-sticky-section-no exad-glass-effect-no elementor-widget elementor-widget-button\" data-id=\"efa8146\" data-element_type=\"widget\" data-e-type=\"widget\" data-widget_type=\"button.default\">\n\t\t\t\t<div class=\"elementor-widget-container\">\n\t\t\t\t\t\t\t\t\t<div class=\"elementor-button-wrapper\">\n\t\t\t\t\t<a class=\"elementor-button elementor-button-link elementor-size-sm\" href=\"http:\/\/safeplace.edu.pl\/wp-content\/uploads\/2024\/06\/sprawozdanie-Safe-Place-2019.pdf\" target=\"_blank\">\n\t\t\t\t\t\t<span class=\"elementor-button-content-wrapper\">\n\t\t\t\t\t\t<span class=\"elementor-button-icon\">\n\t\t\t\t<svg aria-hidden=\"true\" class=\"e-font-icon-svg e-far-file-pdf\" viewbox=\"0 0 384 512\" xmlns=\"http:\/\/www.w3.org\/2000\/svg\"><path d=\"M369.9 97.9L286 14C277 5 264.8-.1 252.1-.1H48C21.5 0 0 21.5 0 48v416c0 26.5 21.5 48 48 48h288c26.5 0 48-21.5 48-48V131.9c0-12.7-5.1-25-14.1-34zM332.1 128H256V51.9l76.1 76.1zM48 464V48h160v104c0 13.3 10.7 24 24 24h104v288H48zm250.2-143.7c-12.2-12-47-8.7-64.4-6.5-17.2-10.5-28.7-25-36.8-46.3 3.9-16.1 10.1-40.6 5.4-56-4.2-26.2-37.8-23.6-42.6-5.9-4.4 16.1-.4 38.5 7 67.1-10 23.9-24.9 56-35.4 74.4-20 10.3-47 26.2-51 46.2-3.3 15.8 26 55.2 76.1-31.2 22.4-7.4 46.8-16.5 68.4-20.1 18.9 10.2 41 17 55.8 17 25.5 0 28-28.2 17.5-38.7zm-198.1 77.8c5.1-13.7 24.5-29.5 30.4-35-19 30.3-30.4 35.7-30.4 35zm81.6-190.6c7.4 0 6.7 32.1 1.8 40.8-4.4-13.9-4.3-40.8-1.8-40.8zm-24.4 136.6c9.7-16.9 18-37 24.7-54.7 8.3 15.1 18.9 27.2 30.1 35.5-20.8 4.3-38.9 13.1-54.8 19.2zm131.6-5s-5 6-37.3-7.8c35.1-2.6 40.9 5.4 37.3 7.8z\"><\/path><\/svg>\t\t\t<\/span>\n\t\t\t\t\t\t\t\t\t<span class=\"elementor-button-text\">Full report (PDF)<\/span>\n\t\t\t\t\t<\/span>\n\t\t\t\t\t<\/a>\n\t\t\t\t<\/div>\n\t\t\t\t\t\t\t\t<\/div>\n\t\t\t\t<\/div>\n\t\t\t\t<\/div>\n\t\t\t\t<\/div>\n\t\t\t\t<\/div>","protected":false},"excerpt":{"rendered":"<p>SAFE PLACE 2019 III Og\u00f3lnopolski Kongres Naukowo-Techniczny SAFE PLACE 2019 pt. \u201eBezpiecze\u0144stwo antyterrorystyczne budynk\u00f3w u\u017cyteczno\u015bci publicznej. Dobre praktyki cywilne i wojskowe\u201d odby\u0142 si\u0119 w dniach 19-20 listopada 2019 roku w Hotelu Windsor w Jachrance ko\u0142o Warszawy. Grono uczestnik\u00f3w w por\u00f3wnaniu do lat przesz\u0142ych zwi\u0119kszy\u0142o si\u0119 ponad dwukrotnie, co \u015bwiadczy o merytorycznej sile wydarzenia, kt\u00f3re rokrocznie [&hellip;]<\/p>\n","protected":false},"author":3,"featured_media":827,"parent":0,"menu_order":0,"comment_status":"closed","ping_status":"closed","template":"","meta":{"_acf_changed":false,"footnotes":""},"class_list":["post-81","page","type-page","status-publish","has-post-thumbnail","hentry"],"blocksy_meta":[],"acf":[],"_links":{"self":[{"href":"https:\/\/safeplace.edu.pl\/en\/wp-json\/wp\/v2\/pages\/81","targetHints":{"allow":["GET"]}}],"collection":[{"href":"https:\/\/safeplace.edu.pl\/en\/wp-json\/wp\/v2\/pages"}],"about":[{"href":"https:\/\/safeplace.edu.pl\/en\/wp-json\/wp\/v2\/types\/page"}],"author":[{"embeddable":true,"href":"https:\/\/safeplace.edu.pl\/en\/wp-json\/wp\/v2\/users\/3"}],"replies":[{"embeddable":true,"href":"https:\/\/safeplace.edu.pl\/en\/wp-json\/wp\/v2\/comments?post=81"}],"version-history":[{"count":32,"href":"https:\/\/safeplace.edu.pl\/en\/wp-json\/wp\/v2\/pages\/81\/revisions"}],"predecessor-version":[{"id":5024,"href":"https:\/\/safeplace.edu.pl\/en\/wp-json\/wp\/v2\/pages\/81\/revisions\/5024"}],"wp:featuredmedia":[{"embeddable":true,"href":"https:\/\/safeplace.edu.pl\/en\/wp-json\/wp\/v2\/media\/827"}],"wp:attachment":[{"href":"https:\/\/safeplace.edu.pl\/en\/wp-json\/wp\/v2\/media?parent=81"}],"curies":[{"name":"wp","href":"https:\/\/api.w.org\/{rel}","templated":true}]}}