{"id":80,"date":"2021-06-04T09:20:58","date_gmt":"2021-06-04T09:20:58","guid":{"rendered":"http:\/\/safeplace.edu.pl\/?page_id=80"},"modified":"2025-07-14T11:07:07","modified_gmt":"2025-07-14T11:07:07","slug":"2021-2","status":"publish","type":"page","link":"https:\/\/safeplace.edu.pl\/en\/2021-2\/","title":{"rendered":"SAFE PLACE 2021"},"content":{"rendered":"<div data-elementor-type=\"wp-page\" data-elementor-id=\"80\" class=\"elementor elementor-80\" data-elementor-settings=\"{&quot;ha_cmc_init_switcher&quot;:&quot;no&quot;}\">\n\t\t\t\t<div class=\"elementor-element elementor-element-49fc71c e-flex e-con-boxed e-con e-parent\" data-id=\"49fc71c\" data-element_type=\"container\" data-e-type=\"container\" data-settings=\"{&quot;background_background&quot;:&quot;classic&quot;,&quot;_ha_eqh_enable&quot;:false}\">\n\t\t\t\t\t<div class=\"e-con-inner\">\n\t\t<div class=\"elementor-element elementor-element-9a0cd9f e-con-full e-flex e-con e-child\" data-id=\"9a0cd9f\" data-element_type=\"container\" data-e-type=\"container\" data-settings=\"{&quot;_ha_eqh_enable&quot;:false}\">\n\t\t\t\t<div class=\"elementor-element elementor-element-876960a exad-sticky-section-no exad-glass-effect-no elementor-invisible elementor-widget elementor-widget-heading\" data-id=\"876960a\" data-element_type=\"widget\" data-e-type=\"widget\" data-settings=\"{&quot;_animation&quot;:&quot;fadeInLeft&quot;}\" data-widget_type=\"heading.default\">\n\t\t\t\t<div class=\"elementor-widget-container\">\n\t\t\t\t\t<h2 class=\"elementor-heading-title elementor-size-default\">SAFE PLACE 2021<\/h2>\t\t\t\t<\/div>\n\t\t\t\t<\/div>\n\t\t\t\t<\/div>\n\t\t<div class=\"elementor-element elementor-element-9180f11 e-con-full e-flex e-con e-child\" data-id=\"9180f11\" data-element_type=\"container\" data-e-type=\"container\" data-settings=\"{&quot;_ha_eqh_enable&quot;:false}\">\n\t\t\t\t<div class=\"elementor-element elementor-element-b7badb4 exad-sticky-section-no exad-glass-effect-no elementor-widget elementor-widget-video\" data-id=\"b7badb4\" data-element_type=\"widget\" data-e-type=\"widget\" data-settings=\"{&quot;youtube_url&quot;:&quot;https:\\\/\\\/youtu.be\\\/vkv8VgSgBt4&quot;,&quot;video_type&quot;:&quot;youtube&quot;,&quot;controls&quot;:&quot;yes&quot;}\" data-widget_type=\"video.default\">\n\t\t\t\t<div class=\"elementor-widget-container\">\n\t\t\t\t\t\t\t<div class=\"elementor-wrapper elementor-open-inline\">\n\t\t\t<div class=\"elementor-video\"><\/div>\t\t<\/div>\n\t\t\t\t\t\t<\/div>\n\t\t\t\t<\/div>\n\t\t\t\t<\/div>\n\t\t\t\t\t<\/div>\n\t\t\t\t<\/div>\n\t\t<div class=\"elementor-element elementor-element-aabdfa4 e-con-full e-flex e-con e-parent\" data-id=\"aabdfa4\" data-element_type=\"container\" data-e-type=\"container\" data-settings=\"{&quot;background_background&quot;:&quot;classic&quot;,&quot;_ha_eqh_enable&quot;:false}\">\n\t\t<div class=\"elementor-element elementor-element-d24c213 e-con-full e-flex e-con e-child\" data-id=\"d24c213\" data-element_type=\"container\" data-e-type=\"container\" data-settings=\"{&quot;_ha_eqh_enable&quot;:false}\">\n\t\t\t\t<div class=\"elementor-element elementor-element-08b30ae exad-sticky-section-no exad-glass-effect-no elementor-widget elementor-widget-image\" data-id=\"08b30ae\" data-element_type=\"widget\" data-e-type=\"widget\" data-widget_type=\"image.default\">\n\t\t\t\t<div class=\"elementor-widget-container\">\n\t\t\t\t\t\t\t\t\t\t\t\t\t\t\t<img fetchpriority=\"high\" decoding=\"async\" width=\"1000\" height=\"667\" src=\"https:\/\/safeplace.edu.pl\/wp-content\/uploads\/2024\/06\/20211020_IM2_0021_rsibiza.jpg\" class=\"attachment-large size-large wp-image-800\" alt=\"\" srcset=\"https:\/\/safeplace.edu.pl\/wp-content\/uploads\/2024\/06\/20211020_IM2_0021_rsibiza.jpg 1000w, https:\/\/safeplace.edu.pl\/wp-content\/uploads\/2024\/06\/20211020_IM2_0021_rsibiza-300x200.jpg 300w, https:\/\/safeplace.edu.pl\/wp-content\/uploads\/2024\/06\/20211020_IM2_0021_rsibiza-768x512.jpg 768w\" sizes=\"(max-width: 1000px) 100vw, 1000px\" \/>\t\t\t\t\t\t\t\t\t\t\t\t\t\t\t<\/div>\n\t\t\t\t<\/div>\n\t\t\t\t<div class=\"elementor-element elementor-element-6ce7c16 exad-sticky-section-no exad-glass-effect-no elementor-widget elementor-widget-image\" data-id=\"6ce7c16\" data-element_type=\"widget\" data-e-type=\"widget\" data-widget_type=\"image.default\">\n\t\t\t\t<div class=\"elementor-widget-container\">\n\t\t\t\t\t\t\t\t\t\t\t\t\t\t\t<img decoding=\"async\" width=\"1000\" height=\"667\" src=\"https:\/\/safeplace.edu.pl\/wp-content\/uploads\/2024\/06\/20211020_IM2_9487_rsibiza.jpg\" class=\"attachment-large size-large wp-image-801\" alt=\"\" srcset=\"https:\/\/safeplace.edu.pl\/wp-content\/uploads\/2024\/06\/20211020_IM2_9487_rsibiza.jpg 1000w, https:\/\/safeplace.edu.pl\/wp-content\/uploads\/2024\/06\/20211020_IM2_9487_rsibiza-300x200.jpg 300w, https:\/\/safeplace.edu.pl\/wp-content\/uploads\/2024\/06\/20211020_IM2_9487_rsibiza-768x512.jpg 768w\" sizes=\"(max-width: 1000px) 100vw, 1000px\" \/>\t\t\t\t\t\t\t\t\t\t\t\t\t\t\t<\/div>\n\t\t\t\t<\/div>\n\t\t\t\t<div class=\"elementor-element elementor-element-1be5c4f exad-sticky-section-no exad-glass-effect-no elementor-widget elementor-widget-image\" data-id=\"1be5c4f\" data-element_type=\"widget\" data-e-type=\"widget\" data-widget_type=\"image.default\">\n\t\t\t\t<div class=\"elementor-widget-container\">\n\t\t\t\t\t\t\t\t\t\t\t\t\t\t\t<img decoding=\"async\" width=\"1000\" height=\"667\" src=\"https:\/\/safeplace.edu.pl\/wp-content\/uploads\/2024\/06\/20211020_IM2_9533_rsibiza.jpg\" class=\"attachment-large size-large wp-image-802\" alt=\"\" srcset=\"https:\/\/safeplace.edu.pl\/wp-content\/uploads\/2024\/06\/20211020_IM2_9533_rsibiza.jpg 1000w, https:\/\/safeplace.edu.pl\/wp-content\/uploads\/2024\/06\/20211020_IM2_9533_rsibiza-300x200.jpg 300w, https:\/\/safeplace.edu.pl\/wp-content\/uploads\/2024\/06\/20211020_IM2_9533_rsibiza-768x512.jpg 768w\" sizes=\"(max-width: 1000px) 100vw, 1000px\" \/>\t\t\t\t\t\t\t\t\t\t\t\t\t\t\t<\/div>\n\t\t\t\t<\/div>\n\t\t\t\t<div class=\"elementor-element elementor-element-e06ab92 exad-sticky-section-no exad-glass-effect-no elementor-widget elementor-widget-image\" data-id=\"e06ab92\" data-element_type=\"widget\" data-e-type=\"widget\" data-widget_type=\"image.default\">\n\t\t\t\t<div class=\"elementor-widget-container\">\n\t\t\t\t\t\t\t\t\t\t\t\t\t\t\t<img loading=\"lazy\" decoding=\"async\" width=\"1000\" height=\"667\" src=\"https:\/\/safeplace.edu.pl\/wp-content\/uploads\/2024\/06\/20211020_IM2_9711_rsibiza-1.jpg\" class=\"attachment-large size-large wp-image-803\" alt=\"\" srcset=\"https:\/\/safeplace.edu.pl\/wp-content\/uploads\/2024\/06\/20211020_IM2_9711_rsibiza-1.jpg 1000w, https:\/\/safeplace.edu.pl\/wp-content\/uploads\/2024\/06\/20211020_IM2_9711_rsibiza-1-300x200.jpg 300w, https:\/\/safeplace.edu.pl\/wp-content\/uploads\/2024\/06\/20211020_IM2_9711_rsibiza-1-768x512.jpg 768w\" sizes=\"(max-width: 1000px) 100vw, 1000px\" \/>\t\t\t\t\t\t\t\t\t\t\t\t\t\t\t<\/div>\n\t\t\t\t<\/div>\n\t\t\t\t<div class=\"elementor-element elementor-element-8734a6f exad-sticky-section-no exad-glass-effect-no elementor-widget elementor-widget-image\" data-id=\"8734a6f\" data-element_type=\"widget\" data-e-type=\"widget\" data-widget_type=\"image.default\">\n\t\t\t\t<div class=\"elementor-widget-container\">\n\t\t\t\t\t\t\t\t\t\t\t\t\t\t\t<img loading=\"lazy\" decoding=\"async\" width=\"1000\" height=\"667\" src=\"https:\/\/safeplace.edu.pl\/wp-content\/uploads\/2024\/06\/20211020_IMG_1723_rsibiza.jpg\" class=\"attachment-large size-large wp-image-805\" alt=\"\" srcset=\"https:\/\/safeplace.edu.pl\/wp-content\/uploads\/2024\/06\/20211020_IMG_1723_rsibiza.jpg 1000w, https:\/\/safeplace.edu.pl\/wp-content\/uploads\/2024\/06\/20211020_IMG_1723_rsibiza-300x200.jpg 300w, https:\/\/safeplace.edu.pl\/wp-content\/uploads\/2024\/06\/20211020_IMG_1723_rsibiza-768x512.jpg 768w\" sizes=\"(max-width: 1000px) 100vw, 1000px\" \/>\t\t\t\t\t\t\t\t\t\t\t\t\t\t\t<\/div>\n\t\t\t\t<\/div>\n\t\t\t\t<\/div>\n\t\t<div class=\"elementor-element elementor-element-1e2deac e-con-full e-flex e-con e-child\" data-id=\"1e2deac\" data-element_type=\"container\" data-e-type=\"container\" data-settings=\"{&quot;_ha_eqh_enable&quot;:false}\">\n\t\t\t\t<div class=\"elementor-element elementor-element-422ce74 exad-sticky-section-no exad-glass-effect-no elementor-widget elementor-widget-text-editor\" data-id=\"422ce74\" data-element_type=\"widget\" data-e-type=\"widget\" data-widget_type=\"text-editor.default\">\n\t\t\t\t<div class=\"elementor-widget-container\">\n\t\t\t\t\t\t\t\t\t<div id=\"sppb-addon-wrapper-1647516947081\" class=\"sppb-addon-wrapper addon-root-text-block\"><div id=\"sppb-addon-1647516947081\" class=\"clearfix\"><div class=\"sppb-addon sppb-addon-text-block\"><div class=\"sppb-addon-content\"><div id=\"sppb-addon-wrapper-1647516947081\" class=\"sppb-addon-wrapper addon-root-text-block\"><div id=\"sppb-addon-1647516947081\" class=\"clearfix\"><div class=\"sppb-addon sppb-addon-text-block\"><div class=\"sppb-addon-content\"><p style=\"margin-bottom: 0in; text-align: justify;\">On November 20-22, 2021, the fourth National Scientific and Technical Congress SAFE PLACE 2021 titled \"Antiterrorist Security of Public Utility Buildings: Best Practices and Recommendations\" took place at the Jaros\u0142aw D\u0105browski Military University of Technology in Warsaw.<\/p><p style=\"margin-bottom: 0in; text-align: justify;\">\u00a0<\/p><\/div><\/div><\/div><\/div><div id=\"sppb-addon-wrapper-fd5a974e-cdbf-4143-a7a0-b0bcdada982f\" class=\"sppb-addon-wrapper addon-root-text-block\"><div id=\"sppb-addon-fd5a974e-cdbf-4143-a7a0-b0bcdada982f\" class=\"clearfix\"><div class=\"sppb-addon sppb-addon-text-block\"><div class=\"sppb-addon-content\"><div style=\"text-align: justify;\">In comparison to previous years, the number of participants significantly increased to over 400 people, which demonstrates the substantive strength of the event, attracting new individual and institutional participants each year. The fourth edition of SAFE PLACE boasted honorary patronage from the Director of the Government Centre for Security, the Chairman of the Financial Supervision Commission, the Director of CEPOL, the Polish State Railways, the Rector of the Military University of Technology in Warsaw, the Rector of the University of Opole, and the Rector of the Higher School of Public and Individual Security APEIRON in Krakow.<\/div><div style=\"text-align: justify;\">\u00a0<\/div><\/div><\/div><\/div><\/div><div id=\"sppb-addon-wrapper-e3b74003-ef87-41bf-abb5-2e86545075b7\" class=\"sppb-addon-wrapper addon-root-text-block\"><div id=\"sppb-addon-e3b74003-ef87-41bf-abb5-2e86545075b7\" class=\"clearfix\"><div class=\"sppb-addon sppb-addon-text-block\"><div class=\"sppb-addon-content\"><p style=\"text-align: justify;\">The fourth edition of the SAFE PLACE Congress differed from previous ones in several respects. Firstly, the event was relocated to the Military University of Technology in Warsaw and was combined with the celebrations of the 70th anniversary of its establishment and the 10th anniversary of the founding of the three security science disciplines. Secondly, the thematic panels were expanded to comprehensively discuss various concepts. Anti-terrorism security encompasses a wide range of issues, which were extensively covered in discussions due to the presence of theorists and practitioners. The fourth edition stood out for its increased emphasis on practical aspects related to technical solutions, presented by event partners. This provided participants with the opportunity to explore a wide range of interesting solutions, devices, and systems offered by leading providers in both the Polish and international markets.<\/p><p style=\"text-align: justify;\">\u00a0<\/p><\/div><\/div><\/div><\/div><div id=\"sppb-addon-wrapper-aaa90275-c56c-4936-b8a3-fc9469f5d7b5\" class=\"sppb-addon-wrapper addon-root-text-block\"><div id=\"sppb-addon-aaa90275-c56c-4936-b8a3-fc9469f5d7b5\" class=\"clearfix\"><div class=\"sppb-addon sppb-addon-text-block\"><div class=\"sppb-addon-content\"><p style=\"text-align: justify;\">In addition to substantive presentations, the first day of the event featured displays of military special forces vehicles, equipment, and specialized gear, practical exercises on a 3D driving simulator and a road collision simulator, a presentation of the Military Gendarmerie forensic ambulance, a performance by the Choir of the Military University of Technology, and an author's evening in the form of a discussion meeting. In 2021, the organizers introduced an innovative and unprecedented practical format for the second day, which involved the preparation of four practical workshop sessions.\u00a0<\/p><p style=\"text-align: justify;\">\u00a0<\/p><\/div><\/div><\/div><\/div><div id=\"sppb-addon-wrapper-9e5e0512-0065-4cb9-9df4-5635ab4b541e\" class=\"sppb-addon-wrapper addon-root-text-block\"><div id=\"sppb-addon-9e5e0512-0065-4cb9-9df4-5635ab4b541e\" class=\"clearfix\"><div class=\"sppb-addon sppb-addon-text-block\"><div class=\"sppb-addon-content\"><p style=\"text-align: justify;\">During the third day, plenary sessions took place where scientists and experts in the field of security and counter-terrorism presented the results of their research and case analyses, sharing their knowledge and practical experience with nearly 400 congress participants.<\/p><\/div><\/div><\/div><\/div><\/div><\/div><\/div><\/div>\t\t\t\t\t\t\t\t<\/div>\n\t\t\t\t<\/div>\n\t\t\t\t<div class=\"elementor-element elementor-element-a7780b8 elementor-button-info elementor-align-left elementor-mobile-align-center exad-sticky-section-no exad-glass-effect-no elementor-widget elementor-widget-button\" data-id=\"a7780b8\" data-element_type=\"widget\" data-e-type=\"widget\" data-widget_type=\"button.default\">\n\t\t\t\t<div class=\"elementor-widget-container\">\n\t\t\t\t\t\t\t\t\t<div class=\"elementor-button-wrapper\">\n\t\t\t\t\t<a class=\"elementor-button elementor-button-link elementor-size-sm\" href=\"http:\/\/safeplace.edu.pl\/wp-content\/uploads\/2024\/06\/Sprawozdanie-Kongres-Safe-Place-2021.pdf\" target=\"_blank\">\n\t\t\t\t\t\t<span class=\"elementor-button-content-wrapper\">\n\t\t\t\t\t\t<span class=\"elementor-button-icon\">\n\t\t\t\t<svg aria-hidden=\"true\" class=\"e-font-icon-svg e-far-file-pdf\" viewbox=\"0 0 384 512\" xmlns=\"http:\/\/www.w3.org\/2000\/svg\"><path d=\"M369.9 97.9L286 14C277 5 264.8-.1 252.1-.1H48C21.5 0 0 21.5 0 48v416c0 26.5 21.5 48 48 48h288c26.5 0 48-21.5 48-48V131.9c0-12.7-5.1-25-14.1-34zM332.1 128H256V51.9l76.1 76.1zM48 464V48h160v104c0 13.3 10.7 24 24 24h104v288H48zm250.2-143.7c-12.2-12-47-8.7-64.4-6.5-17.2-10.5-28.7-25-36.8-46.3 3.9-16.1 10.1-40.6 5.4-56-4.2-26.2-37.8-23.6-42.6-5.9-4.4 16.1-.4 38.5 7 67.1-10 23.9-24.9 56-35.4 74.4-20 10.3-47 26.2-51 46.2-3.3 15.8 26 55.2 76.1-31.2 22.4-7.4 46.8-16.5 68.4-20.1 18.9 10.2 41 17 55.8 17 25.5 0 28-28.2 17.5-38.7zm-198.1 77.8c5.1-13.7 24.5-29.5 30.4-35-19 30.3-30.4 35.7-30.4 35zm81.6-190.6c7.4 0 6.7 32.1 1.8 40.8-4.4-13.9-4.3-40.8-1.8-40.8zm-24.4 136.6c9.7-16.9 18-37 24.7-54.7 8.3 15.1 18.9 27.2 30.1 35.5-20.8 4.3-38.9 13.1-54.8 19.2zm131.6-5s-5 6-37.3-7.8c35.1-2.6 40.9 5.4 37.3 7.8z\"><\/path><\/svg>\t\t\t<\/span>\n\t\t\t\t\t\t\t\t\t<span class=\"elementor-button-text\">Full report (PDF)<\/span>\n\t\t\t\t\t<\/span>\n\t\t\t\t\t<\/a>\n\t\t\t\t<\/div>\n\t\t\t\t\t\t\t\t<\/div>\n\t\t\t\t<\/div>\n\t\t\t\t<\/div>\n\t\t\t\t<\/div>\n\t\t\t\t<\/div>","protected":false},"excerpt":{"rendered":"<p>SAFE PLACE 2021 W dniach 20-22 listopada 2021 roku w Wojskowej Akademii Technicznej im. Jaros\u0142awa D\u0105browskiego w Warszawie odby\u0142 si\u0119 czwarty Og\u00f3lnopolski Kongres Naukowo-Techniczny SAFE PLACE 2021 pt. \u201eBezpiecze\u0144stwo antyterrorystyczne budynk\u00f3w u\u017cyteczno\u015bci publicznej. Dobre praktyki i rekomendacje. W por\u00f3wnaniu do lat poprzednich liczba uczestnik\u00f3w zwi\u0119kszy\u0142a si\u0119 i wynios\u0142a ponad 400 os\u00f3b, co \u015bwiadczy o merytorycznej [&hellip;]<\/p>\n","protected":false},"author":3,"featured_media":800,"parent":0,"menu_order":0,"comment_status":"closed","ping_status":"closed","template":"","meta":{"_acf_changed":false,"footnotes":""},"class_list":["post-80","page","type-page","status-publish","has-post-thumbnail","hentry"],"blocksy_meta":[],"acf":[],"_links":{"self":[{"href":"https:\/\/safeplace.edu.pl\/en\/wp-json\/wp\/v2\/pages\/80","targetHints":{"allow":["GET"]}}],"collection":[{"href":"https:\/\/safeplace.edu.pl\/en\/wp-json\/wp\/v2\/pages"}],"about":[{"href":"https:\/\/safeplace.edu.pl\/en\/wp-json\/wp\/v2\/types\/page"}],"author":[{"embeddable":true,"href":"https:\/\/safeplace.edu.pl\/en\/wp-json\/wp\/v2\/users\/3"}],"replies":[{"embeddable":true,"href":"https:\/\/safeplace.edu.pl\/en\/wp-json\/wp\/v2\/comments?post=80"}],"version-history":[{"count":33,"href":"https:\/\/safeplace.edu.pl\/en\/wp-json\/wp\/v2\/pages\/80\/revisions"}],"predecessor-version":[{"id":5022,"href":"https:\/\/safeplace.edu.pl\/en\/wp-json\/wp\/v2\/pages\/80\/revisions\/5022"}],"wp:featuredmedia":[{"embeddable":true,"href":"https:\/\/safeplace.edu.pl\/en\/wp-json\/wp\/v2\/media\/800"}],"wp:attachment":[{"href":"https:\/\/safeplace.edu.pl\/en\/wp-json\/wp\/v2\/media?parent=80"}],"curies":[{"name":"wp","href":"https:\/\/api.w.org\/{rel}","templated":true}]}}