{"id":79,"date":"2022-06-04T09:20:58","date_gmt":"2022-06-04T09:20:58","guid":{"rendered":"http:\/\/safeplace.edu.pl\/?page_id=79"},"modified":"2025-07-14T11:01:29","modified_gmt":"2025-07-14T11:01:29","slug":"2022-2","status":"publish","type":"page","link":"https:\/\/safeplace.edu.pl\/en\/2022-2\/","title":{"rendered":"SAFE PLACE 2022"},"content":{"rendered":"<div data-elementor-type=\"wp-page\" data-elementor-id=\"79\" class=\"elementor elementor-79\" data-elementor-settings=\"{&quot;ha_cmc_init_switcher&quot;:&quot;no&quot;}\">\n\t\t\t\t<div class=\"elementor-element elementor-element-fbc0669 e-flex e-con-boxed e-con e-parent\" data-id=\"fbc0669\" data-element_type=\"container\" data-e-type=\"container\" data-settings=\"{&quot;background_background&quot;:&quot;classic&quot;,&quot;_ha_eqh_enable&quot;:false}\">\n\t\t\t\t\t<div class=\"e-con-inner\">\n\t\t<div class=\"elementor-element elementor-element-5778bc3 e-con-full e-flex e-con e-child\" data-id=\"5778bc3\" data-element_type=\"container\" data-e-type=\"container\" data-settings=\"{&quot;_ha_eqh_enable&quot;:false}\">\n\t\t\t\t<div class=\"elementor-element elementor-element-3d00a85 exad-sticky-section-no exad-glass-effect-no elementor-invisible elementor-widget elementor-widget-heading\" data-id=\"3d00a85\" data-element_type=\"widget\" data-e-type=\"widget\" data-settings=\"{&quot;_animation&quot;:&quot;fadeInLeft&quot;}\" data-widget_type=\"heading.default\">\n\t\t\t\t<div class=\"elementor-widget-container\">\n\t\t\t\t\t<h2 class=\"elementor-heading-title elementor-size-default\">SAFE PLACE 2022<\/h2>\t\t\t\t<\/div>\n\t\t\t\t<\/div>\n\t\t\t\t<\/div>\n\t\t<div class=\"elementor-element elementor-element-d1aff48 e-con-full e-flex e-con e-child\" data-id=\"d1aff48\" data-element_type=\"container\" data-e-type=\"container\" data-settings=\"{&quot;_ha_eqh_enable&quot;:false}\">\n\t\t\t\t<div class=\"elementor-element elementor-element-f1c6f0f exad-sticky-section-no exad-glass-effect-no elementor-widget elementor-widget-video\" data-id=\"f1c6f0f\" data-element_type=\"widget\" data-e-type=\"widget\" data-settings=\"{&quot;youtube_url&quot;:&quot;https:\\\/\\\/youtu.be\\\/jkqasBzRgMk&quot;,&quot;video_type&quot;:&quot;youtube&quot;,&quot;controls&quot;:&quot;yes&quot;}\" data-widget_type=\"video.default\">\n\t\t\t\t<div class=\"elementor-widget-container\">\n\t\t\t\t\t\t\t<div class=\"elementor-wrapper elementor-open-inline\">\n\t\t\t<div class=\"elementor-video\"><\/div>\t\t<\/div>\n\t\t\t\t\t\t<\/div>\n\t\t\t\t<\/div>\n\t\t\t\t<\/div>\n\t\t\t\t\t<\/div>\n\t\t\t\t<\/div>\n\t\t<div class=\"elementor-element elementor-element-09d7830 e-con-full e-flex e-con e-parent\" data-id=\"09d7830\" data-element_type=\"container\" data-e-type=\"container\" data-settings=\"{&quot;background_background&quot;:&quot;classic&quot;,&quot;_ha_eqh_enable&quot;:false}\">\n\t\t<div class=\"elementor-element elementor-element-208a144 e-con-full e-flex e-con e-child\" data-id=\"208a144\" data-element_type=\"container\" data-e-type=\"container\" data-settings=\"{&quot;_ha_eqh_enable&quot;:false}\">\n\t\t\t\t<div class=\"elementor-element elementor-element-011dad4 exad-sticky-section-no exad-glass-effect-no elementor-widget elementor-widget-image\" data-id=\"011dad4\" data-element_type=\"widget\" data-e-type=\"widget\" data-widget_type=\"image.default\">\n\t\t\t\t<div class=\"elementor-widget-container\">\n\t\t\t\t\t\t\t\t\t\t\t\t\t\t\t<img fetchpriority=\"high\" decoding=\"async\" width=\"864\" height=\"547\" src=\"https:\/\/safeplace.edu.pl\/wp-content\/uploads\/2024\/06\/Przechwytywanie.jpg\" class=\"attachment-large size-large wp-image-767\" alt=\"\" srcset=\"https:\/\/safeplace.edu.pl\/wp-content\/uploads\/2024\/06\/Przechwytywanie.jpg 864w, https:\/\/safeplace.edu.pl\/wp-content\/uploads\/2024\/06\/Przechwytywanie-300x190.jpg 300w, https:\/\/safeplace.edu.pl\/wp-content\/uploads\/2024\/06\/Przechwytywanie-768x486.jpg 768w\" sizes=\"(max-width: 864px) 100vw, 864px\" \/>\t\t\t\t\t\t\t\t\t\t\t\t\t\t\t<\/div>\n\t\t\t\t<\/div>\n\t\t\t\t<div class=\"elementor-element elementor-element-dfbd4de exad-sticky-section-no exad-glass-effect-no elementor-widget elementor-widget-image\" data-id=\"dfbd4de\" data-element_type=\"widget\" data-e-type=\"widget\" data-widget_type=\"image.default\">\n\t\t\t\t<div class=\"elementor-widget-container\">\n\t\t\t\t\t\t\t\t\t\t\t\t\t\t\t<img decoding=\"async\" width=\"816\" height=\"536\" src=\"https:\/\/safeplace.edu.pl\/wp-content\/uploads\/2024\/06\/Przechwytywanie1.jpg\" class=\"attachment-large size-large wp-image-768\" alt=\"\" srcset=\"https:\/\/safeplace.edu.pl\/wp-content\/uploads\/2024\/06\/Przechwytywanie1.jpg 816w, https:\/\/safeplace.edu.pl\/wp-content\/uploads\/2024\/06\/Przechwytywanie1-300x197.jpg 300w, https:\/\/safeplace.edu.pl\/wp-content\/uploads\/2024\/06\/Przechwytywanie1-768x504.jpg 768w\" sizes=\"(max-width: 816px) 100vw, 816px\" \/>\t\t\t\t\t\t\t\t\t\t\t\t\t\t\t<\/div>\n\t\t\t\t<\/div>\n\t\t\t\t<div class=\"elementor-element elementor-element-55d33b3 exad-sticky-section-no exad-glass-effect-no elementor-widget elementor-widget-image\" data-id=\"55d33b3\" data-element_type=\"widget\" data-e-type=\"widget\" data-widget_type=\"image.default\">\n\t\t\t\t<div class=\"elementor-widget-container\">\n\t\t\t\t\t\t\t\t\t\t\t\t\t\t\t<img decoding=\"async\" width=\"832\" height=\"553\" src=\"https:\/\/safeplace.edu.pl\/wp-content\/uploads\/2024\/06\/Przechwytywanie2.jpg\" class=\"attachment-large size-large wp-image-769\" alt=\"\" srcset=\"https:\/\/safeplace.edu.pl\/wp-content\/uploads\/2024\/06\/Przechwytywanie2.jpg 832w, https:\/\/safeplace.edu.pl\/wp-content\/uploads\/2024\/06\/Przechwytywanie2-300x199.jpg 300w, https:\/\/safeplace.edu.pl\/wp-content\/uploads\/2024\/06\/Przechwytywanie2-768x510.jpg 768w\" sizes=\"(max-width: 832px) 100vw, 832px\" \/>\t\t\t\t\t\t\t\t\t\t\t\t\t\t\t<\/div>\n\t\t\t\t<\/div>\n\t\t\t\t<div class=\"elementor-element elementor-element-85626ec exad-sticky-section-no exad-glass-effect-no elementor-widget elementor-widget-image\" data-id=\"85626ec\" data-element_type=\"widget\" data-e-type=\"widget\" data-widget_type=\"image.default\">\n\t\t\t\t<div class=\"elementor-widget-container\">\n\t\t\t\t\t\t\t\t\t\t\t\t\t\t\t<img loading=\"lazy\" decoding=\"async\" width=\"824\" height=\"540\" src=\"https:\/\/safeplace.edu.pl\/wp-content\/uploads\/2024\/06\/Przechwytywanie4.jpg\" class=\"attachment-large size-large wp-image-771\" alt=\"\" srcset=\"https:\/\/safeplace.edu.pl\/wp-content\/uploads\/2024\/06\/Przechwytywanie4.jpg 824w, https:\/\/safeplace.edu.pl\/wp-content\/uploads\/2024\/06\/Przechwytywanie4-300x197.jpg 300w, https:\/\/safeplace.edu.pl\/wp-content\/uploads\/2024\/06\/Przechwytywanie4-768x503.jpg 768w\" sizes=\"(max-width: 824px) 100vw, 824px\" \/>\t\t\t\t\t\t\t\t\t\t\t\t\t\t\t<\/div>\n\t\t\t\t<\/div>\n\t\t\t\t<div class=\"elementor-element elementor-element-818fe16 exad-sticky-section-no exad-glass-effect-no elementor-widget elementor-widget-image\" data-id=\"818fe16\" data-element_type=\"widget\" data-e-type=\"widget\" data-widget_type=\"image.default\">\n\t\t\t\t<div class=\"elementor-widget-container\">\n\t\t\t\t\t\t\t\t\t\t\t\t\t\t\t<img loading=\"lazy\" decoding=\"async\" width=\"838\" height=\"544\" src=\"https:\/\/safeplace.edu.pl\/wp-content\/uploads\/2024\/06\/Przechwytywanie3.jpg\" class=\"attachment-large size-large wp-image-770\" alt=\"\" srcset=\"https:\/\/safeplace.edu.pl\/wp-content\/uploads\/2024\/06\/Przechwytywanie3.jpg 838w, https:\/\/safeplace.edu.pl\/wp-content\/uploads\/2024\/06\/Przechwytywanie3-300x195.jpg 300w, https:\/\/safeplace.edu.pl\/wp-content\/uploads\/2024\/06\/Przechwytywanie3-768x499.jpg 768w\" sizes=\"(max-width: 838px) 100vw, 838px\" \/>\t\t\t\t\t\t\t\t\t\t\t\t\t\t\t<\/div>\n\t\t\t\t<\/div>\n\t\t\t\t<div class=\"elementor-element elementor-element-99b5209 exad-sticky-section-no exad-glass-effect-no elementor-widget elementor-widget-image\" data-id=\"99b5209\" data-element_type=\"widget\" data-e-type=\"widget\" data-widget_type=\"image.default\">\n\t\t\t\t<div class=\"elementor-widget-container\">\n\t\t\t\t\t\t\t\t\t\t\t\t\t\t\t<img loading=\"lazy\" decoding=\"async\" width=\"826\" height=\"495\" src=\"https:\/\/safeplace.edu.pl\/wp-content\/uploads\/2024\/06\/Przechwytywanie5.jpg\" class=\"attachment-large size-large wp-image-772\" alt=\"\" srcset=\"https:\/\/safeplace.edu.pl\/wp-content\/uploads\/2024\/06\/Przechwytywanie5.jpg 826w, https:\/\/safeplace.edu.pl\/wp-content\/uploads\/2024\/06\/Przechwytywanie5-300x180.jpg 300w, https:\/\/safeplace.edu.pl\/wp-content\/uploads\/2024\/06\/Przechwytywanie5-768x460.jpg 768w\" sizes=\"(max-width: 826px) 100vw, 826px\" \/>\t\t\t\t\t\t\t\t\t\t\t\t\t\t\t<\/div>\n\t\t\t\t<\/div>\n\t\t\t\t<\/div>\n\t\t<div class=\"elementor-element elementor-element-3c6bdcc e-con-full e-flex e-con e-child\" data-id=\"3c6bdcc\" data-element_type=\"container\" data-e-type=\"container\" data-settings=\"{&quot;_ha_eqh_enable&quot;:false}\">\n\t\t\t\t<div class=\"elementor-element elementor-element-99963ef exad-sticky-section-no exad-glass-effect-no elementor-widget elementor-widget-text-editor\" data-id=\"99963ef\" data-element_type=\"widget\" data-e-type=\"widget\" data-widget_type=\"text-editor.default\">\n\t\t\t\t<div class=\"elementor-widget-container\">\n\t\t\t\t\t\t\t\t\t<div id=\"sppb-addon-wrapper-1647516947081\" class=\"sppb-addon-wrapper  addon-root-text-block\"><div id=\"sppb-addon-1647516947081\" class=\"clearfix\"><div class=\"sppb-addon sppb-addon-text-block\"><div class=\"sppb-addon-content\"><p style=\"margin-bottom: 0in; text-align: justify;\">The 5th National Scientific and Technical Congress SAFE PLACE 2022, titled \u201cSecurity of Public Utility Buildings and Critical Infrastructure. Terrorism and Other Threats,\u201d was held from October 17-19, 2022, at the Hotel Ku\u017ania Napoleo\u0144ska in Paprotnia near Warsaw.<\/p><p>\u00a0<\/p><\/div><\/div><\/div><\/div><div id=\"sppb-addon-wrapper-fd5a974e-cdbf-4143-a7a0-b0bcdada982f\" class=\"sppb-addon-wrapper  addon-root-text-block\"><div id=\"sppb-addon-fd5a974e-cdbf-4143-a7a0-b0bcdada982f\" class=\"clearfix\"><div class=\"sppb-addon sppb-addon-text-block\"><div class=\"sppb-addon-content\"><p style=\"text-align: justify;\">The anniversary edition of SAFE PLACE boasted honorary patronage from the Director of the Government Security Center, the Chairman of the Financial Supervision Commission, the Director of CEPOL, the Rector-Commandant of the Military University of Technology in Warsaw, the Rector-Commandant of the Police Academy in Szczytno, the Rector-Commandant of the Main School of Fire Service, the Rector of the Higher School of Public and Individual Security in Krakow, the Western Institute, and the Office of Rail Transport.<\/p><p>\u00a0<\/p><\/div><\/div><\/div><\/div><div id=\"sppb-addon-wrapper-e3b74003-ef87-41bf-abb5-2e86545075b7\" class=\"sppb-addon-wrapper  addon-root-text-block\"><div id=\"sppb-addon-e3b74003-ef87-41bf-abb5-2e86545075b7\" class=\"clearfix\"><div class=\"sppb-addon sppb-addon-text-block\"><div class=\"sppb-addon-content\"><p style=\"text-align: justify;\">The first day of the SAFE PLACE 2022 Congress concluded after seven sessions, which included seven expert panels and eight individual presentations. As in previous editions, two parallel scientific sessions were held. Additionally, thanks to the courtesy of the Commander of the Independent Counter-Terrorism Police Unit in Warsaw, the organizers prepared a presentation of vehicles, equipment, and specialized police gear for the participants. Attendees also had the opportunity to participate in an air rifle shooting competition.<\/p><p>\u00a0<\/p><\/div><\/div><\/div><\/div><div id=\"sppb-addon-wrapper-aaa90275-c56c-4936-b8a3-fc9469f5d7b5\" class=\"sppb-addon-wrapper  addon-root-text-block\"><div id=\"sppb-addon-aaa90275-c56c-4936-b8a3-fc9469f5d7b5\" class=\"clearfix\"><div class=\"sppb-addon sppb-addon-text-block\"><div class=\"sppb-addon-content\"><p style=\"text-align: justify;\">The second day's agenda at the Congress extended beyond theoretical discussions. Practical workshops on security and response to attacks were also conducted. Participants were divided into four training groups, each focusing on different thematic areas. Each group rotated through all workshop modules, each lasting 60 minutes. During the workshops, participants collected stamps, which entitled them to participate in a prize draw during the gala banquet. The workshops covered four training modules on selected techniques for responding to attacks, first aid in response to attacks, internal security, and external security of buildings in the context of utilizing technical safeguards.<\/p><p>\u00a0<\/p><\/div><\/div><\/div><\/div><div id=\"sppb-addon-wrapper-9e5e0512-0065-4cb9-9df4-5635ab4b541e\" class=\"sppb-addon-wrapper  addon-root-text-block\"><div id=\"sppb-addon-9e5e0512-0065-4cb9-9df4-5635ab4b541e\" class=\"clearfix\"><div class=\"sppb-addon sppb-addon-text-block\"><div class=\"sppb-addon-content\"><p style=\"text-align: justify;\">The third day of the SAFE PLACE 2022 Congress began with two parallel expert panels focusing on physical protection and technical security measures. This was followed by the final scientific session, which addressed selected issues related to the security of public utility buildings.<\/p><p>\u00a0<\/p><\/div><\/div><\/div><\/div><div id=\"sppb-addon-wrapper-98855040-b07d-485b-bd24-6a8dc3eb15d8\" class=\"sppb-addon-wrapper  addon-root-text-block\"><div id=\"sppb-addon-98855040-b07d-485b-bd24-6a8dc3eb15d8\" class=\"clearfix\"><div class=\"sppb-addon sppb-addon-text-block\"><div class=\"sppb-addon-content\"><p style=\"text-align: justify;\">The event gathered nearly 400 participants and 18 technical partners presenting the latest security solutions.<\/p><\/div><\/div><\/div><\/div>\t\t\t\t\t\t\t\t<\/div>\n\t\t\t\t<\/div>\n\t\t\t\t<div class=\"elementor-element elementor-element-e7d6a4d elementor-button-info elementor-align-left elementor-mobile-align-center exad-sticky-section-no exad-glass-effect-no elementor-widget elementor-widget-button\" data-id=\"e7d6a4d\" data-element_type=\"widget\" data-e-type=\"widget\" data-widget_type=\"button.default\">\n\t\t\t\t<div class=\"elementor-widget-container\">\n\t\t\t\t\t\t\t\t\t<div class=\"elementor-button-wrapper\">\n\t\t\t\t\t<a class=\"elementor-button elementor-button-link elementor-size-sm\" href=\"http:\/\/safeplace.edu.pl\/wp-content\/uploads\/2024\/06\/Sprawozdanie-Kongres-Safe-Place-2022.pdf\" target=\"_blank\">\n\t\t\t\t\t\t<span class=\"elementor-button-content-wrapper\">\n\t\t\t\t\t\t<span class=\"elementor-button-icon\">\n\t\t\t\t<svg aria-hidden=\"true\" class=\"e-font-icon-svg e-far-file-pdf\" viewbox=\"0 0 384 512\" xmlns=\"http:\/\/www.w3.org\/2000\/svg\"><path d=\"M369.9 97.9L286 14C277 5 264.8-.1 252.1-.1H48C21.5 0 0 21.5 0 48v416c0 26.5 21.5 48 48 48h288c26.5 0 48-21.5 48-48V131.9c0-12.7-5.1-25-14.1-34zM332.1 128H256V51.9l76.1 76.1zM48 464V48h160v104c0 13.3 10.7 24 24 24h104v288H48zm250.2-143.7c-12.2-12-47-8.7-64.4-6.5-17.2-10.5-28.7-25-36.8-46.3 3.9-16.1 10.1-40.6 5.4-56-4.2-26.2-37.8-23.6-42.6-5.9-4.4 16.1-.4 38.5 7 67.1-10 23.9-24.9 56-35.4 74.4-20 10.3-47 26.2-51 46.2-3.3 15.8 26 55.2 76.1-31.2 22.4-7.4 46.8-16.5 68.4-20.1 18.9 10.2 41 17 55.8 17 25.5 0 28-28.2 17.5-38.7zm-198.1 77.8c5.1-13.7 24.5-29.5 30.4-35-19 30.3-30.4 35.7-30.4 35zm81.6-190.6c7.4 0 6.7 32.1 1.8 40.8-4.4-13.9-4.3-40.8-1.8-40.8zm-24.4 136.6c9.7-16.9 18-37 24.7-54.7 8.3 15.1 18.9 27.2 30.1 35.5-20.8 4.3-38.9 13.1-54.8 19.2zm131.6-5s-5 6-37.3-7.8c35.1-2.6 40.9 5.4 37.3 7.8z\"><\/path><\/svg>\t\t\t<\/span>\n\t\t\t\t\t\t\t\t\t<span class=\"elementor-button-text\">Full report (PDF)<\/span>\n\t\t\t\t\t<\/span>\n\t\t\t\t\t<\/a>\n\t\t\t\t<\/div>\n\t\t\t\t\t\t\t\t<\/div>\n\t\t\t\t<\/div>\n\t\t\t\t<\/div>\n\t\t\t\t<\/div>\n\t\t\t\t<\/div>","protected":false},"excerpt":{"rendered":"<p>SAFE PLACE 2022 V Og\u00f3lnopolski Kongres Naukowo-Techniczny SAFE PLACE 2022 pt. \u201eBezpiecze\u0144stwo budynk\u00f3w u\u017cyteczno\u015bci publicznej i infrastruktury krytycznej. Terroryzm i inne zagro\u017cenia\u201d odby\u0142 si\u0119 w dniach 17-19 pa\u017adziernika 2022 roku w Hotelu Ku\u017ania Napoleo\u0144ska w Paprotni ko\u0142o Warszawy. \u00a0 Jubileuszowa edycja SAFE PLACE poszczyci\u0107 si\u0119 mog\u0142a patronatem honorowym Dyrektora Rz\u0105dowego Centrum Bezpiecze\u0144stwa, Przewodnicz\u0105cego Komisji Nadzoru [&hellip;]<\/p>\n","protected":false},"author":3,"featured_media":768,"parent":0,"menu_order":0,"comment_status":"closed","ping_status":"closed","template":"","meta":{"_acf_changed":false,"footnotes":""},"class_list":["post-79","page","type-page","status-publish","has-post-thumbnail","hentry"],"blocksy_meta":[],"acf":[],"_links":{"self":[{"href":"https:\/\/safeplace.edu.pl\/en\/wp-json\/wp\/v2\/pages\/79","targetHints":{"allow":["GET"]}}],"collection":[{"href":"https:\/\/safeplace.edu.pl\/en\/wp-json\/wp\/v2\/pages"}],"about":[{"href":"https:\/\/safeplace.edu.pl\/en\/wp-json\/wp\/v2\/types\/page"}],"author":[{"embeddable":true,"href":"https:\/\/safeplace.edu.pl\/en\/wp-json\/wp\/v2\/users\/3"}],"replies":[{"embeddable":true,"href":"https:\/\/safeplace.edu.pl\/en\/wp-json\/wp\/v2\/comments?post=79"}],"version-history":[{"count":74,"href":"https:\/\/safeplace.edu.pl\/en\/wp-json\/wp\/v2\/pages\/79\/revisions"}],"predecessor-version":[{"id":5017,"href":"https:\/\/safeplace.edu.pl\/en\/wp-json\/wp\/v2\/pages\/79\/revisions\/5017"}],"wp:featuredmedia":[{"embeddable":true,"href":"https:\/\/safeplace.edu.pl\/en\/wp-json\/wp\/v2\/media\/768"}],"wp:attachment":[{"href":"https:\/\/safeplace.edu.pl\/en\/wp-json\/wp\/v2\/media?parent=79"}],"curies":[{"name":"wp","href":"https:\/\/api.w.org\/{rel}","templated":true}]}}