{"id":6029,"date":"2025-12-10T15:06:18","date_gmt":"2025-12-10T15:06:18","guid":{"rendered":"https:\/\/safeplace.edu.pl\/?page_id=6029"},"modified":"2025-12-10T15:21:14","modified_gmt":"2025-12-10T15:21:14","slug":"2025-2","status":"publish","type":"page","link":"https:\/\/safeplace.edu.pl\/en\/2025-2\/","title":{"rendered":"SAFE PLACE 2025"},"content":{"rendered":"<div data-elementor-type=\"wp-page\" data-elementor-id=\"6029\" class=\"elementor elementor-6029\" data-elementor-settings=\"{&quot;ha_cmc_init_switcher&quot;:&quot;no&quot;}\">\n\t\t\t\t<div class=\"elementor-element elementor-element-fbc0669 e-flex e-con-boxed e-con e-parent\" data-id=\"fbc0669\" data-element_type=\"container\" data-e-type=\"container\" data-settings=\"{&quot;background_background&quot;:&quot;classic&quot;,&quot;_ha_eqh_enable&quot;:false}\">\n\t\t\t\t\t<div class=\"e-con-inner\">\n\t\t<div class=\"elementor-element elementor-element-5778bc3 e-con-full e-flex e-con e-child\" data-id=\"5778bc3\" data-element_type=\"container\" data-e-type=\"container\" data-settings=\"{&quot;_ha_eqh_enable&quot;:false}\">\n\t\t\t\t<div class=\"elementor-element elementor-element-3d00a85 elementor-hidden-desktop elementor-hidden-tablet elementor-hidden-mobile exad-sticky-section-no exad-glass-effect-no elementor-widget elementor-widget-heading\" data-id=\"3d00a85\" data-element_type=\"widget\" data-e-type=\"widget\" data-widget_type=\"heading.default\">\n\t\t\t\t<div class=\"elementor-widget-container\">\n\t\t\t\t\t<h2 class=\"elementor-heading-title elementor-size-default\">SAFE PLACE 2025<\/h2>\t\t\t\t<\/div>\n\t\t\t\t<\/div>\n\t\t\t\t<\/div>\n\t\t<div class=\"elementor-element elementor-element-d1aff48 e-con-full e-flex e-con e-child\" data-id=\"d1aff48\" data-element_type=\"container\" data-e-type=\"container\" data-settings=\"{&quot;_ha_eqh_enable&quot;:false}\">\n\t\t\t\t<div class=\"elementor-element elementor-element-d87e58b exad-sticky-section-no exad-glass-effect-no elementor-widget elementor-widget-html\" data-id=\"d87e58b\" data-element_type=\"widget\" data-e-type=\"widget\" data-widget_type=\"html.default\">\n\t\t\t\t<div class=\"elementor-widget-container\">\n\t\t\t\t\t<iframe width=\"560\" height=\"315\" src=\"https:\/\/www.youtube.com\/embed\/BVttSipnD6s?si=c29nMwqyiEgiGE1o\" title=\"YouTube video player\" frameborder=\"0\" allow=\"accelerometer; autoplay; clipboard-write; encrypted-media; gyroscope; picture-in-picture; web-share\" referrerpolicy=\"strict-origin-when-cross-origin\" allowfullscreen><\/iframe>\t\t\t\t<\/div>\n\t\t\t\t<\/div>\n\t\t\t\t<\/div>\n\t\t\t\t\t<\/div>\n\t\t\t\t<\/div>\n\t\t<div class=\"elementor-element elementor-element-09d7830 e-con-full e-flex e-con e-parent\" data-id=\"09d7830\" data-element_type=\"container\" data-e-type=\"container\" data-settings=\"{&quot;background_background&quot;:&quot;classic&quot;,&quot;_ha_eqh_enable&quot;:false}\">\n\t\t<div class=\"elementor-element elementor-element-208a144 e-con-full e-flex e-con e-child\" data-id=\"208a144\" data-element_type=\"container\" data-e-type=\"container\" data-settings=\"{&quot;_ha_eqh_enable&quot;:false}\">\n\t\t\t\t<div class=\"elementor-element elementor-element-011dad4 exad-sticky-section-no exad-glass-effect-no elementor-widget elementor-widget-image\" data-id=\"011dad4\" data-element_type=\"widget\" data-e-type=\"widget\" data-widget_type=\"image.default\">\n\t\t\t\t<div class=\"elementor-widget-container\">\n\t\t\t\t\t\t\t\t\t\t\t\t\t\t\t<img fetchpriority=\"high\" decoding=\"async\" width=\"1000\" height=\"667\" src=\"https:\/\/safeplace.edu.pl\/wp-content\/uploads\/IMG_1851.jpg\" class=\"attachment-large size-large wp-image-6034\" alt=\"\" srcset=\"https:\/\/safeplace.edu.pl\/wp-content\/uploads\/IMG_1851.jpg 1000w, https:\/\/safeplace.edu.pl\/wp-content\/uploads\/IMG_1851-300x200.jpg 300w, https:\/\/safeplace.edu.pl\/wp-content\/uploads\/IMG_1851-768x512.jpg 768w, https:\/\/safeplace.edu.pl\/wp-content\/uploads\/IMG_1851-18x12.jpg 18w\" sizes=\"(max-width: 1000px) 100vw, 1000px\" \/>\t\t\t\t\t\t\t\t\t\t\t\t\t\t\t<\/div>\n\t\t\t\t<\/div>\n\t\t\t\t<div class=\"elementor-element elementor-element-dfbd4de exad-sticky-section-no exad-glass-effect-no elementor-widget elementor-widget-image\" data-id=\"dfbd4de\" data-element_type=\"widget\" data-e-type=\"widget\" data-widget_type=\"image.default\">\n\t\t\t\t<div class=\"elementor-widget-container\">\n\t\t\t\t\t\t\t\t\t\t\t\t\t\t\t<img decoding=\"async\" width=\"1000\" height=\"667\" src=\"https:\/\/safeplace.edu.pl\/wp-content\/uploads\/FOT_0941.jpg\" class=\"attachment-large size-large wp-image-6032\" alt=\"\" srcset=\"https:\/\/safeplace.edu.pl\/wp-content\/uploads\/FOT_0941.jpg 1000w, https:\/\/safeplace.edu.pl\/wp-content\/uploads\/FOT_0941-300x200.jpg 300w, https:\/\/safeplace.edu.pl\/wp-content\/uploads\/FOT_0941-768x512.jpg 768w, https:\/\/safeplace.edu.pl\/wp-content\/uploads\/FOT_0941-18x12.jpg 18w\" sizes=\"(max-width: 1000px) 100vw, 1000px\" \/>\t\t\t\t\t\t\t\t\t\t\t\t\t\t\t<\/div>\n\t\t\t\t<\/div>\n\t\t\t\t<div class=\"elementor-element elementor-element-85626ec exad-sticky-section-no exad-glass-effect-no elementor-widget elementor-widget-image\" data-id=\"85626ec\" data-element_type=\"widget\" data-e-type=\"widget\" data-widget_type=\"image.default\">\n\t\t\t\t<div class=\"elementor-widget-container\">\n\t\t\t\t\t\t\t\t\t\t\t\t\t\t\t<img decoding=\"async\" width=\"1000\" height=\"659\" src=\"https:\/\/safeplace.edu.pl\/wp-content\/uploads\/sala-gala.jpg\" class=\"attachment-large size-large wp-image-6033\" alt=\"\" srcset=\"https:\/\/safeplace.edu.pl\/wp-content\/uploads\/sala-gala.jpg 1000w, https:\/\/safeplace.edu.pl\/wp-content\/uploads\/sala-gala-300x198.jpg 300w, https:\/\/safeplace.edu.pl\/wp-content\/uploads\/sala-gala-768x506.jpg 768w, https:\/\/safeplace.edu.pl\/wp-content\/uploads\/sala-gala-18x12.jpg 18w\" sizes=\"(max-width: 1000px) 100vw, 1000px\" \/>\t\t\t\t\t\t\t\t\t\t\t\t\t\t\t<\/div>\n\t\t\t\t<\/div>\n\t\t\t\t<div class=\"elementor-element elementor-element-55d33b3 exad-sticky-section-no exad-glass-effect-no elementor-widget elementor-widget-image\" data-id=\"55d33b3\" data-element_type=\"widget\" data-e-type=\"widget\" data-widget_type=\"image.default\">\n\t\t\t\t<div class=\"elementor-widget-container\">\n\t\t\t\t\t\t\t\t\t\t\t\t\t\t\t<img loading=\"lazy\" decoding=\"async\" width=\"1000\" height=\"667\" src=\"https:\/\/safeplace.edu.pl\/wp-content\/uploads\/IMG_2393-2.jpg\" class=\"attachment-large size-large wp-image-6031\" alt=\"\" srcset=\"https:\/\/safeplace.edu.pl\/wp-content\/uploads\/IMG_2393-2.jpg 1000w, https:\/\/safeplace.edu.pl\/wp-content\/uploads\/IMG_2393-2-300x200.jpg 300w, https:\/\/safeplace.edu.pl\/wp-content\/uploads\/IMG_2393-2-768x512.jpg 768w, https:\/\/safeplace.edu.pl\/wp-content\/uploads\/IMG_2393-2-18x12.jpg 18w\" sizes=\"(max-width: 1000px) 100vw, 1000px\" \/>\t\t\t\t\t\t\t\t\t\t\t\t\t\t\t<\/div>\n\t\t\t\t<\/div>\n\t\t\t\t<\/div>\n\t\t<div class=\"elementor-element elementor-element-3c6bdcc e-con-full e-flex e-con e-child\" data-id=\"3c6bdcc\" data-element_type=\"container\" data-e-type=\"container\" data-settings=\"{&quot;_ha_eqh_enable&quot;:false}\">\n\t\t\t\t<div class=\"elementor-element elementor-element-99963ef exad-sticky-section-no exad-glass-effect-no elementor-widget elementor-widget-text-editor\" data-id=\"99963ef\" data-element_type=\"widget\" data-e-type=\"widget\" data-widget_type=\"text-editor.default\">\n\t\t\t\t<div class=\"elementor-widget-container\">\n\t\t\t\t\t\t\t\t\t<h4 data-start=\"143\" data-end=\"726\">Bezpiecze\u0144stwo organizacji i obiekt\u00f3w w dobie wdra\u017cania systemu OL i OC w Polsce<\/h4><p data-start=\"143\" data-end=\"726\">W dniach 26\u201328 listopada 2025 roku w Centrum Kongresowym Hotelu Windsor w Jachrance odby\u0142 si\u0119 VIII Mi\u0119dzynarodowy Kongres Naukowo-Techniczny SAFE PLACE 2025. Tematem przewodnim tegorocznej edycji by\u0142o \u201eBezpiecze\u0144stwo organizacji i obiekt\u00f3w w dobie wdra\u017cania systemu OL i OC w Polsce\u201d.<\/p><p>Drugi dzie\u0144 obrad, o charakterze krajowym, po\u015bwi\u0119cono praktycznym aspektom wdra\u017cania przepis\u00f3w. Uczestnicy wzi\u0119li udzia\u0142 w sesjach dotycz\u0105cych \u201eZarz\u0105dzania bezpiecze\u0144stwem w Infrastrukturze Krytycznej i obiektach podlegaj\u0105cych obowi\u0105zkowej ochronie\u201d oraz panelu \u201eBezpiecze\u0144stwo organizacji w dobie zagro\u017ce\u0144 dronowych i rakietowych\u201d. Kluczowym elementem by\u0142y certyfikowane warsztaty praktyczne, obejmuj\u0105ce m.in.:<\/p><ul><li>Udzielanie pierwszej pomocy w reagowaniu na zamachy.<\/li><li>Przygotowanie organizacji do zamach\u00f3w bombowych, rakietowych i dronowych.<\/li><li>Praktyczny wymiar zabezpiecze\u0144 technicznych.<\/li><li>Przygotowanie organizacji do reagowania na masowego zab\u00f3jc\u0119.<\/li><\/ul><p>Ostatni dzie\u0144 kongresu zwie\u0144czy\u0142a sesja ekspercka <em>\u201eSzkolenia i \u0107wiczenia w administracji, organizacjach i obiektach \u2013 dobre praktyki i rekomendacje\u201d<\/em>, podsumowuj\u0105ca metodyk\u0119 budowania odporno\u015bci organizacji.<\/p><p>Organizatorami wydarzenia byli m.in. Safety Project, Wojskowa Akademia Techniczna, Akademia Policji w Szczytnie oraz NATO DEEP eAcademy.<\/p>\t\t\t\t\t\t\t\t<\/div>\n\t\t\t\t<\/div>\n\t\t\t\t<\/div>\n\t\t\t\t<\/div>\n\t\t\t\t<\/div>","protected":false},"excerpt":{"rendered":"<p>SAFE PLACE 2025 Bezpiecze\u0144stwo organizacji i obiekt\u00f3w w dobie wdra\u017cania systemu OL i OC w Polsce W dniach 26\u201328 listopada 2025 roku w Centrum Kongresowym Hotelu Windsor w Jachrance odby\u0142 si\u0119 VIII Mi\u0119dzynarodowy Kongres Naukowo-Techniczny SAFE PLACE 2025. Tematem przewodnim tegorocznej edycji by\u0142o \u201eBezpiecze\u0144stwo organizacji i obiekt\u00f3w w dobie wdra\u017cania systemu OL i OC w [&hellip;]<\/p>\n","protected":false},"author":3,"featured_media":6038,"parent":0,"menu_order":0,"comment_status":"closed","ping_status":"closed","template":"","meta":{"_acf_changed":false,"footnotes":""},"class_list":["post-6029","page","type-page","status-publish","has-post-thumbnail","hentry"],"blocksy_meta":[],"acf":[],"_links":{"self":[{"href":"https:\/\/safeplace.edu.pl\/en\/wp-json\/wp\/v2\/pages\/6029","targetHints":{"allow":["GET"]}}],"collection":[{"href":"https:\/\/safeplace.edu.pl\/en\/wp-json\/wp\/v2\/pages"}],"about":[{"href":"https:\/\/safeplace.edu.pl\/en\/wp-json\/wp\/v2\/types\/page"}],"author":[{"embeddable":true,"href":"https:\/\/safeplace.edu.pl\/en\/wp-json\/wp\/v2\/users\/3"}],"replies":[{"embeddable":true,"href":"https:\/\/safeplace.edu.pl\/en\/wp-json\/wp\/v2\/comments?post=6029"}],"version-history":[{"count":4,"href":"https:\/\/safeplace.edu.pl\/en\/wp-json\/wp\/v2\/pages\/6029\/revisions"}],"predecessor-version":[{"id":6037,"href":"https:\/\/safeplace.edu.pl\/en\/wp-json\/wp\/v2\/pages\/6029\/revisions\/6037"}],"wp:featuredmedia":[{"embeddable":true,"href":"https:\/\/safeplace.edu.pl\/en\/wp-json\/wp\/v2\/media\/6038"}],"wp:attachment":[{"href":"https:\/\/safeplace.edu.pl\/en\/wp-json\/wp\/v2\/media?parent=6029"}],"curies":[{"name":"wp","href":"https:\/\/api.w.org\/{rel}","templated":true}]}}