{"id":5078,"date":"2025-07-15T07:50:41","date_gmt":"2025-07-15T07:50:41","guid":{"rendered":"https:\/\/safeplace.edu.pl\/?page_id=5078"},"modified":"2025-12-10T13:08:29","modified_gmt":"2025-12-10T13:08:29","slug":"2024-2","status":"publish","type":"page","link":"https:\/\/safeplace.edu.pl\/en\/2024-2\/","title":{"rendered":"SAFE PLACE 2024"},"content":{"rendered":"<div data-elementor-type=\"wp-page\" data-elementor-id=\"5078\" class=\"elementor elementor-5078\" data-elementor-settings=\"{&quot;ha_cmc_init_switcher&quot;:&quot;no&quot;}\">\n\t\t\t\t<div class=\"elementor-element elementor-element-fbc0669 e-flex e-con-boxed e-con e-parent\" data-id=\"fbc0669\" data-element_type=\"container\" data-e-type=\"container\" data-settings=\"{&quot;background_background&quot;:&quot;classic&quot;,&quot;_ha_eqh_enable&quot;:false}\">\n\t\t\t\t\t<div class=\"e-con-inner\">\n\t\t<div class=\"elementor-element elementor-element-5778bc3 e-con-full e-flex e-con e-child\" data-id=\"5778bc3\" data-element_type=\"container\" data-e-type=\"container\" data-settings=\"{&quot;_ha_eqh_enable&quot;:false}\">\n\t\t\t\t<div class=\"elementor-element elementor-element-3d00a85 exad-sticky-section-no exad-glass-effect-no elementor-widget elementor-widget-heading\" data-id=\"3d00a85\" data-element_type=\"widget\" data-e-type=\"widget\" data-widget_type=\"heading.default\">\n\t\t\t\t<div class=\"elementor-widget-container\">\n\t\t\t\t\t<h2 class=\"elementor-heading-title elementor-size-default\">SAFE PLACE 2024<\/h2>\t\t\t\t<\/div>\n\t\t\t\t<\/div>\n\t\t\t\t<\/div>\n\t\t<div class=\"elementor-element elementor-element-d1aff48 e-con-full e-flex e-con e-child\" data-id=\"d1aff48\" data-element_type=\"container\" data-e-type=\"container\" data-settings=\"{&quot;_ha_eqh_enable&quot;:false}\">\n\t\t\t\t<div class=\"elementor-element elementor-element-d87e58b exad-sticky-section-no exad-glass-effect-no elementor-widget elementor-widget-html\" data-id=\"d87e58b\" data-element_type=\"widget\" data-e-type=\"widget\" data-widget_type=\"html.default\">\n\t\t\t\t<div class=\"elementor-widget-container\">\n\t\t\t\t\t<iframe width=\"560\" height=\"315\" src=\"https:\/\/www.youtube.com\/embed\/BVttSipnD6s?si=c29nMwqyiEgiGE1o\" title=\"YouTube video player\" frameborder=\"0\" allow=\"accelerometer; autoplay; clipboard-write; encrypted-media; gyroscope; picture-in-picture; web-share\" referrerpolicy=\"strict-origin-when-cross-origin\" allowfullscreen><\/iframe>\t\t\t\t<\/div>\n\t\t\t\t<\/div>\n\t\t\t\t<\/div>\n\t\t\t\t\t<\/div>\n\t\t\t\t<\/div>\n\t\t<div class=\"elementor-element elementor-element-09d7830 e-con-full e-flex e-con e-parent\" data-id=\"09d7830\" data-element_type=\"container\" data-e-type=\"container\" data-settings=\"{&quot;background_background&quot;:&quot;classic&quot;,&quot;_ha_eqh_enable&quot;:false}\">\n\t\t<div class=\"elementor-element elementor-element-208a144 e-con-full e-flex e-con e-child\" data-id=\"208a144\" data-element_type=\"container\" data-e-type=\"container\" data-settings=\"{&quot;_ha_eqh_enable&quot;:false}\">\n\t\t\t\t<div class=\"elementor-element elementor-element-011dad4 exad-sticky-section-no exad-glass-effect-no elementor-widget elementor-widget-image\" data-id=\"011dad4\" data-element_type=\"widget\" data-e-type=\"widget\" data-widget_type=\"image.default\">\n\t\t\t\t<div class=\"elementor-widget-container\">\n\t\t\t\t\t\t\t\t\t\t\t\t\t\t\t<img fetchpriority=\"high\" decoding=\"async\" width=\"1024\" height=\"683\" src=\"https:\/\/safeplace.edu.pl\/wp-content\/uploads\/IMG_3269-1024x683.jpg\" class=\"attachment-large size-large wp-image-5083\" alt=\"\" srcset=\"https:\/\/safeplace.edu.pl\/wp-content\/uploads\/IMG_3269-1024x683.jpg 1024w, https:\/\/safeplace.edu.pl\/wp-content\/uploads\/IMG_3269-300x200.jpg 300w, https:\/\/safeplace.edu.pl\/wp-content\/uploads\/IMG_3269-768x512.jpg 768w, https:\/\/safeplace.edu.pl\/wp-content\/uploads\/IMG_3269-1536x1024.jpg 1536w, https:\/\/safeplace.edu.pl\/wp-content\/uploads\/IMG_3269-18x12.jpg 18w, https:\/\/safeplace.edu.pl\/wp-content\/uploads\/IMG_3269.jpg 2048w\" sizes=\"(max-width: 1024px) 100vw, 1024px\" \/>\t\t\t\t\t\t\t\t\t\t\t\t\t\t\t<\/div>\n\t\t\t\t<\/div>\n\t\t\t\t<div class=\"elementor-element elementor-element-dfbd4de exad-sticky-section-no exad-glass-effect-no elementor-widget elementor-widget-image\" data-id=\"dfbd4de\" data-element_type=\"widget\" data-e-type=\"widget\" data-widget_type=\"image.default\">\n\t\t\t\t<div class=\"elementor-widget-container\">\n\t\t\t\t\t\t\t\t\t\t\t\t\t\t\t<img decoding=\"async\" width=\"1024\" height=\"683\" src=\"https:\/\/safeplace.edu.pl\/wp-content\/uploads\/IMG_6979-1024x683.jpg\" class=\"attachment-large size-large wp-image-5087\" alt=\"\" srcset=\"https:\/\/safeplace.edu.pl\/wp-content\/uploads\/IMG_6979-1024x683.jpg 1024w, https:\/\/safeplace.edu.pl\/wp-content\/uploads\/IMG_6979-300x200.jpg 300w, https:\/\/safeplace.edu.pl\/wp-content\/uploads\/IMG_6979-768x512.jpg 768w, https:\/\/safeplace.edu.pl\/wp-content\/uploads\/IMG_6979-1536x1024.jpg 1536w, https:\/\/safeplace.edu.pl\/wp-content\/uploads\/IMG_6979-18x12.jpg 18w, https:\/\/safeplace.edu.pl\/wp-content\/uploads\/IMG_6979.jpg 2048w\" sizes=\"(max-width: 1024px) 100vw, 1024px\" \/>\t\t\t\t\t\t\t\t\t\t\t\t\t\t\t<\/div>\n\t\t\t\t<\/div>\n\t\t\t\t<div class=\"elementor-element elementor-element-85626ec exad-sticky-section-no exad-glass-effect-no elementor-widget elementor-widget-image\" data-id=\"85626ec\" data-element_type=\"widget\" data-e-type=\"widget\" data-widget_type=\"image.default\">\n\t\t\t\t<div class=\"elementor-widget-container\">\n\t\t\t\t\t\t\t\t\t\t\t\t\t\t\t<img decoding=\"async\" width=\"1024\" height=\"683\" src=\"https:\/\/safeplace.edu.pl\/wp-content\/uploads\/IMG_9915-1024x683.jpg\" class=\"attachment-large size-large wp-image-5084\" alt=\"\" srcset=\"https:\/\/safeplace.edu.pl\/wp-content\/uploads\/IMG_9915-1024x683.jpg 1024w, https:\/\/safeplace.edu.pl\/wp-content\/uploads\/IMG_9915-300x200.jpg 300w, https:\/\/safeplace.edu.pl\/wp-content\/uploads\/IMG_9915-768x512.jpg 768w, https:\/\/safeplace.edu.pl\/wp-content\/uploads\/IMG_9915-1536x1024.jpg 1536w, https:\/\/safeplace.edu.pl\/wp-content\/uploads\/IMG_9915-18x12.jpg 18w, https:\/\/safeplace.edu.pl\/wp-content\/uploads\/IMG_9915.jpg 2048w\" sizes=\"(max-width: 1024px) 100vw, 1024px\" \/>\t\t\t\t\t\t\t\t\t\t\t\t\t\t\t<\/div>\n\t\t\t\t<\/div>\n\t\t\t\t<div class=\"elementor-element elementor-element-55d33b3 exad-sticky-section-no exad-glass-effect-no elementor-widget elementor-widget-image\" data-id=\"55d33b3\" data-element_type=\"widget\" data-e-type=\"widget\" data-widget_type=\"image.default\">\n\t\t\t\t<div class=\"elementor-widget-container\">\n\t\t\t\t\t\t\t\t\t\t\t\t\t\t\t<img loading=\"lazy\" decoding=\"async\" width=\"1024\" height=\"683\" src=\"https:\/\/safeplace.edu.pl\/wp-content\/uploads\/IMG_8251-1024x683.jpg\" class=\"attachment-large size-large wp-image-5086\" alt=\"\" srcset=\"https:\/\/safeplace.edu.pl\/wp-content\/uploads\/IMG_8251-1024x683.jpg 1024w, https:\/\/safeplace.edu.pl\/wp-content\/uploads\/IMG_8251-300x200.jpg 300w, https:\/\/safeplace.edu.pl\/wp-content\/uploads\/IMG_8251-768x512.jpg 768w, https:\/\/safeplace.edu.pl\/wp-content\/uploads\/IMG_8251-1536x1024.jpg 1536w, https:\/\/safeplace.edu.pl\/wp-content\/uploads\/IMG_8251-18x12.jpg 18w, https:\/\/safeplace.edu.pl\/wp-content\/uploads\/IMG_8251.jpg 2048w\" sizes=\"(max-width: 1024px) 100vw, 1024px\" \/>\t\t\t\t\t\t\t\t\t\t\t\t\t\t\t<\/div>\n\t\t\t\t<\/div>\n\t\t\t\t<\/div>\n\t\t<div class=\"elementor-element elementor-element-3c6bdcc e-con-full e-flex e-con e-child\" data-id=\"3c6bdcc\" data-element_type=\"container\" data-e-type=\"container\" data-settings=\"{&quot;_ha_eqh_enable&quot;:false}\">\n\t\t\t\t<div class=\"elementor-element elementor-element-99963ef exad-sticky-section-no exad-glass-effect-no elementor-widget elementor-widget-text-editor\" data-id=\"99963ef\" data-element_type=\"widget\" data-e-type=\"widget\" data-widget_type=\"text-editor.default\">\n\t\t\t\t<div class=\"elementor-widget-container\">\n\t\t\t\t\t\t\t\t\t<p data-start=\"143\" data-end=\"726\">On 27-28 November 2024, the 7th International Scientific and Technical Congress SAFE PLACE 2024 took place at the Congress Centre of the Windsor Hotel in Jachranka near Warsaw \u2013 <em data-start=\"313\" data-end=\"438\">Resilience of public facilities and critical infrastructure against war, hybrid and criminal threats<\/em>. The event was held under the honorary patronage of, among others, the Director of the Government Centre for Security, the Director of the NATO DEEP eAcademy, the Rectors of the Military University of Technology and the WSB Merito University in Wroc\u0142aw, as well as over a dozen scientific and expert institutions in the field of security.<\/p><p data-start=\"728\" data-end=\"974\">SAFE PLACE 2024 Congress more than 400 participants from home and abroad, including representatives of government institutions, services, universities, industry organisations, experts and practitioners, as well as representatives of critical infrastructure facilities.<\/p><p data-start=\"976\" data-end=\"1409\"><strong data-start=\"976\" data-end=\"1019\">First day of the Congress (27.11.2024)<\/strong> had an international character and began with an opening ceremony and opening speeches by the honorary patrons. Plenary sessions and expert panels dealt with preparing facilities for war, hybrid and criminal threats. Participants also had the opportunity to take part in shooting competitions and stand-up training on attack response and first aid.<\/p><p data-start=\"1411\" data-end=\"1639\">The day ended with parallel sessions: <em data-start=\"1446\" data-end=\"1502\">Building resilience of facilities and spaces against attacks<\/em> , and the <em data-start=\"1508\" data-end=\"1560\">Innovations in facility and space security<\/em>and, in the evening, a gala banquet and awards ceremony took place.<\/p><p data-start=\"1641\" data-end=\"2120\"><strong data-start=\"1641\" data-end=\"1681\">Second day of the Congress (28.11.2024)<\/strong> had a national character and was divided into a seminar and a practical part. Parallel thematic sessions were held in the morning on topics such as security management in critical infrastructure, cyber threats and security of non-mandatory facilities. Expert debates were also held on challenges to critical infrastructure and physical and technical protection systems.<\/p><p data-start=\"2122\" data-end=\"2420\">The day culminated in <strong data-start=\"2143\" data-end=\"2183\">four parallel workshop modules<\/strong>in which participants - divided into groups - took part in practical exercises in responding to assaults, handling technical security and providing first aid under conditions of high psychological and physical stress.<\/p><p data-start=\"2422\" data-end=\"2577\">The event ended with a <strong data-start=\"2451\" data-end=\"2489\">final session with prize draw<\/strong> and a summary of conclusions and recommendations for the Facilities Security Report.<\/p>\t\t\t\t\t\t\t\t<\/div>\n\t\t\t\t<\/div>\n\t\t\t\t<div class=\"elementor-element elementor-element-43f8bfd elementor-hidden-desktop elementor-hidden-tablet elementor-hidden-mobile exad-sticky-section-no exad-glass-effect-no elementor-widget elementor-widget-button\" data-id=\"43f8bfd\" data-element_type=\"widget\" data-e-type=\"widget\" data-widget_type=\"button.default\">\n\t\t\t\t<div class=\"elementor-widget-container\">\n\t\t\t\t\t\t\t\t\t<div class=\"elementor-button-wrapper\">\n\t\t\t\t\t<a class=\"elementor-button elementor-button-link elementor-size-sm\" href=\"\/en\/kontakt\/#formularz\">\n\t\t\t\t\t\t<span class=\"elementor-button-content-wrapper\">\n\t\t\t\t\t\t\t\t\t<span class=\"elementor-button-text\">Registration for SAFE PLACE 2025<\/span>\n\t\t\t\t\t<\/span>\n\t\t\t\t\t<\/a>\n\t\t\t\t<\/div>\n\t\t\t\t\t\t\t\t<\/div>\n\t\t\t\t<\/div>\n\t\t\t\t<\/div>\n\t\t\t\t<\/div>\n\t\t\t\t<\/div>","protected":false},"excerpt":{"rendered":"<p>SAFE PLACE 2024 W dniach 27\u201328 listopada 2024 roku w Centrum Kongresowym Hotelu Windsor w Jachrance k. Warszawy odby\u0142 si\u0119 VII Mi\u0119dzynarodowy Kongres Naukowo-Techniczny SAFE PLACE 2024 \u2013 Odporno\u015b\u0107 obiekt\u00f3w u\u017cyteczno\u015bci publicznej i infrastruktury krytycznej wobec zagro\u017ce\u0144 wojennych, hybrydowych i kryminalnych. Wydarzenie obj\u0119te by\u0142o patronatem honorowym m.in. Dyrektora Rz\u0105dowego Centrum Bezpiecze\u0144stwa, Dyrektora NATO DEEP eAcademy, [&hellip;]<\/p>\n","protected":false},"author":3,"featured_media":5085,"parent":0,"menu_order":0,"comment_status":"closed","ping_status":"closed","template":"","meta":{"_acf_changed":false,"footnotes":""},"class_list":["post-5078","page","type-page","status-publish","has-post-thumbnail","hentry"],"blocksy_meta":[],"acf":[],"_links":{"self":[{"href":"https:\/\/safeplace.edu.pl\/en\/wp-json\/wp\/v2\/pages\/5078","targetHints":{"allow":["GET"]}}],"collection":[{"href":"https:\/\/safeplace.edu.pl\/en\/wp-json\/wp\/v2\/pages"}],"about":[{"href":"https:\/\/safeplace.edu.pl\/en\/wp-json\/wp\/v2\/types\/page"}],"author":[{"embeddable":true,"href":"https:\/\/safeplace.edu.pl\/en\/wp-json\/wp\/v2\/users\/3"}],"replies":[{"embeddable":true,"href":"https:\/\/safeplace.edu.pl\/en\/wp-json\/wp\/v2\/comments?post=5078"}],"version-history":[{"count":9,"href":"https:\/\/safeplace.edu.pl\/en\/wp-json\/wp\/v2\/pages\/5078\/revisions"}],"predecessor-version":[{"id":6026,"href":"https:\/\/safeplace.edu.pl\/en\/wp-json\/wp\/v2\/pages\/5078\/revisions\/6026"}],"wp:featuredmedia":[{"embeddable":true,"href":"https:\/\/safeplace.edu.pl\/en\/wp-json\/wp\/v2\/media\/5085"}],"wp:attachment":[{"href":"https:\/\/safeplace.edu.pl\/en\/wp-json\/wp\/v2\/media?parent=5078"}],"curies":[{"name":"wp","href":"https:\/\/api.w.org\/{rel}","templated":true}]}}