{"id":5011,"date":"2025-07-14T11:22:33","date_gmt":"2025-07-14T11:22:33","guid":{"rendered":"https:\/\/safeplace.edu.pl\/?page_id=5011"},"modified":"2025-07-14T11:22:35","modified_gmt":"2025-07-14T11:22:35","slug":"relacje","status":"publish","type":"page","link":"https:\/\/safeplace.edu.pl\/en\/relacje\/","title":{"rendered":"Previous editions of the Congress"},"content":{"rendered":"<div class=\"wp-block-query is-layout-flow wp-block-query-is-layout-flow\"><ul class=\"wp-block-post-template is-layout-flow wp-block-post-template-is-layout-flow\"><li class=\"wp-block-post post-6029 page type-page status-publish has-post-thumbnail hentry\">\n\n<div class=\"wp-block-columns alignwide has-palette-color-8-background-color has-background is-layout-flex wp-container-core-columns-is-layout-28f84493 wp-block-columns-is-layout-flex\" style=\"border-style:none;border-width:0px;border-radius:0px;box-shadow:var(--wp--preset--shadow--natural)\">\n<div class=\"wp-block-column is-layout-flow wp-block-column-is-layout-flow\" style=\"flex-basis:66.66%\"><figure style=\"aspect-ratio:3\/2;width:100%;\" class=\"wp-block-post-featured-image\"><a href=\"https:\/\/safeplace.edu.pl\/en\/2025-2\/\" target=\"_self\"  ><img fetchpriority=\"high\" decoding=\"async\" width=\"1000\" height=\"667\" src=\"https:\/\/safeplace.edu.pl\/wp-content\/uploads\/IMG_0822.jpg\" class=\"attachment-large size-large wp-post-image\" alt=\"SAFE PLACE 2025\" style=\"width:100%;height:100%;object-fit:cover;\" srcset=\"https:\/\/safeplace.edu.pl\/wp-content\/uploads\/IMG_0822.jpg 1000w, https:\/\/safeplace.edu.pl\/wp-content\/uploads\/IMG_0822-300x200.jpg 300w, https:\/\/safeplace.edu.pl\/wp-content\/uploads\/IMG_0822-768x512.jpg 768w, https:\/\/safeplace.edu.pl\/wp-content\/uploads\/IMG_0822-18x12.jpg 18w\" sizes=\"(max-width: 1000px) 100vw, 1000px\" \/><\/a><\/figure><\/div>\n\n\n\n<div class=\"wp-block-column is-layout-flow wp-block-column-is-layout-flow\" style=\"flex-basis:70%\"><h2 class=\"wp-block-post-title\"><a href=\"https:\/\/safeplace.edu.pl\/en\/2025-2\/\" target=\"_self\" >SAFE PLACE 2025<\/a><\/h2>\n\n<div class=\"wp-block-post-excerpt\"><p class=\"wp-block-post-excerpt__excerpt\">SAFE PLACE 2025 Bezpiecze\u0144stwo organizacji i obiekt\u00f3w w dobie wdra\u017cania systemu OL i OC w Polsce W dniach 26\u201328 listopada 2025 roku w Centrum Kongresowym Hotelu Windsor w Jachrance odby\u0142 si\u0119 VIII Mi\u0119dzynarodowy Kongres Naukowo-Techniczny SAFE PLACE 2025. Tematem przewodnim tegorocznej edycji by\u0142o \u201eBezpiecze\u0144stwo organizacji i obiekt\u00f3w w dobie wdra\u017cania systemu OL&hellip;<\/p><p class=\"wp-block-post-excerpt__more-text\"><a class=\"wp-block-post-excerpt__more-link\" href=\"https:\/\/safeplace.edu.pl\/en\/2025-2\/\">Read more...<\/a><\/p><\/div><\/div>\n<\/div>\n\n<\/li><li class=\"wp-block-post post-5078 page type-page status-publish has-post-thumbnail hentry\">\n\n<div class=\"wp-block-columns alignwide has-palette-color-8-background-color has-background is-layout-flex wp-container-core-columns-is-layout-28f84493 wp-block-columns-is-layout-flex\" style=\"border-style:none;border-width:0px;border-radius:0px;box-shadow:var(--wp--preset--shadow--natural)\">\n<div class=\"wp-block-column is-layout-flow wp-block-column-is-layout-flow\" style=\"flex-basis:66.66%\"><figure style=\"aspect-ratio:3\/2;width:100%;\" class=\"wp-block-post-featured-image\"><a href=\"https:\/\/safeplace.edu.pl\/en\/2024-2\/\" target=\"_self\"  ><img decoding=\"async\" width=\"1024\" height=\"683\" src=\"https:\/\/safeplace.edu.pl\/wp-content\/uploads\/IMG_3906-1024x683.jpg\" class=\"attachment-large size-large wp-post-image\" alt=\"SAFE PLACE 2024\" style=\"width:100%;height:100%;object-fit:cover;\" srcset=\"https:\/\/safeplace.edu.pl\/wp-content\/uploads\/IMG_3906-1024x683.jpg 1024w, https:\/\/safeplace.edu.pl\/wp-content\/uploads\/IMG_3906-300x200.jpg 300w, https:\/\/safeplace.edu.pl\/wp-content\/uploads\/IMG_3906-768x512.jpg 768w, https:\/\/safeplace.edu.pl\/wp-content\/uploads\/IMG_3906-1536x1024.jpg 1536w, https:\/\/safeplace.edu.pl\/wp-content\/uploads\/IMG_3906-18x12.jpg 18w, https:\/\/safeplace.edu.pl\/wp-content\/uploads\/IMG_3906.jpg 2048w\" sizes=\"(max-width: 1024px) 100vw, 1024px\" \/><\/a><\/figure><\/div>\n\n\n\n<div class=\"wp-block-column is-layout-flow wp-block-column-is-layout-flow\" style=\"flex-basis:70%\"><h2 class=\"wp-block-post-title\"><a href=\"https:\/\/safeplace.edu.pl\/en\/2024-2\/\" target=\"_self\" >SAFE PLACE 2024<\/a><\/h2>\n\n<div class=\"wp-block-post-excerpt\"><p class=\"wp-block-post-excerpt__excerpt\">On 27-28 November 2024, the 7th International Scientific and Technical Congress SAFE PLACE 2024 - Resilience of Public Facilities and Critical Infrastructure in the Face of War, Hybrid and Criminal Threats was held at the Windsor Hotel Congress Centre in Jachranka near Warsaw. The event was held under the honorary patronage of, among others, the Director of the Government Security Centre, Director...<\/p><p class=\"wp-block-post-excerpt__more-text\"><a class=\"wp-block-post-excerpt__more-link\" href=\"https:\/\/safeplace.edu.pl\/en\/2024-2\/\">Read more...<\/a><\/p><\/div><\/div>\n<\/div>\n\n<\/li><li class=\"wp-block-post post-909 page type-page status-publish has-post-thumbnail hentry\">\n\n<div class=\"wp-block-columns alignwide has-palette-color-8-background-color has-background is-layout-flex wp-container-core-columns-is-layout-28f84493 wp-block-columns-is-layout-flex\" style=\"border-style:none;border-width:0px;border-radius:0px;box-shadow:var(--wp--preset--shadow--natural)\">\n<div class=\"wp-block-column is-layout-flow wp-block-column-is-layout-flow\" style=\"flex-basis:66.66%\"><figure style=\"aspect-ratio:3\/2;width:100%;\" class=\"wp-block-post-featured-image\"><a href=\"https:\/\/safeplace.edu.pl\/en\/2023-2\/\" target=\"_self\"  ><img decoding=\"async\" width=\"1024\" height=\"683\" src=\"https:\/\/safeplace.edu.pl\/wp-content\/uploads\/2024\/06\/1.-1W6A5317-1024x683.jpg\" class=\"attachment-large size-large wp-post-image\" alt=\"SAFE PLACE 2023\" style=\"width:100%;height:100%;object-fit:cover;\" srcset=\"https:\/\/safeplace.edu.pl\/wp-content\/uploads\/2024\/06\/1.-1W6A5317-1024x683.jpg 1024w, https:\/\/safeplace.edu.pl\/wp-content\/uploads\/2024\/06\/1.-1W6A5317-300x200.jpg 300w, https:\/\/safeplace.edu.pl\/wp-content\/uploads\/2024\/06\/1.-1W6A5317-768x512.jpg 768w, https:\/\/safeplace.edu.pl\/wp-content\/uploads\/2024\/06\/1.-1W6A5317-1536x1024.jpg 1536w, https:\/\/safeplace.edu.pl\/wp-content\/uploads\/2024\/06\/1.-1W6A5317-2048x1365.jpg 2048w\" sizes=\"(max-width: 1024px) 100vw, 1024px\" \/><\/a><\/figure><\/div>\n\n\n\n<div class=\"wp-block-column is-layout-flow wp-block-column-is-layout-flow\" style=\"flex-basis:70%\"><h2 class=\"wp-block-post-title\"><a href=\"https:\/\/safeplace.edu.pl\/en\/2023-2\/\" target=\"_self\" >SAFE PLACE 2023<\/a><\/h2>\n\n<div class=\"wp-block-post-excerpt\"><p class=\"wp-block-post-excerpt__excerpt\">The 6th International Scientific and Technical Congress SAFE PLACE 2023 - Resilience of Public Facilities and Critical Infrastructure in the Face of War, Hybrid and Terrorist Threats was held on 20-22 November 2023 at the Jaros\u0142aw D\u0105browski Military University of Technology in Warsaw. The event was held under the honorary patronage of the Chief of...<\/p><p class=\"wp-block-post-excerpt__more-text\"><a class=\"wp-block-post-excerpt__more-link\" href=\"https:\/\/safeplace.edu.pl\/en\/2023-2\/\">Read more...<\/a><\/p><\/div><\/div>\n<\/div>\n\n<\/li><li class=\"wp-block-post post-79 page type-page status-publish has-post-thumbnail hentry\">\n\n<div class=\"wp-block-columns alignwide has-palette-color-8-background-color has-background is-layout-flex wp-container-core-columns-is-layout-28f84493 wp-block-columns-is-layout-flex\" style=\"border-style:none;border-width:0px;border-radius:0px;box-shadow:var(--wp--preset--shadow--natural)\">\n<div class=\"wp-block-column is-layout-flow wp-block-column-is-layout-flow\" style=\"flex-basis:66.66%\"><figure style=\"aspect-ratio:3\/2;width:100%;\" class=\"wp-block-post-featured-image\"><a href=\"https:\/\/safeplace.edu.pl\/en\/2022-2\/\" target=\"_self\"  ><img loading=\"lazy\" decoding=\"async\" width=\"816\" height=\"536\" src=\"https:\/\/safeplace.edu.pl\/wp-content\/uploads\/2024\/06\/Przechwytywanie1.jpg\" class=\"attachment-large size-large wp-post-image\" alt=\"SAFE PLACE 2022\" style=\"width:100%;height:100%;object-fit:cover;\" srcset=\"https:\/\/safeplace.edu.pl\/wp-content\/uploads\/2024\/06\/Przechwytywanie1.jpg 816w, https:\/\/safeplace.edu.pl\/wp-content\/uploads\/2024\/06\/Przechwytywanie1-300x197.jpg 300w, https:\/\/safeplace.edu.pl\/wp-content\/uploads\/2024\/06\/Przechwytywanie1-768x504.jpg 768w\" sizes=\"(max-width: 816px) 100vw, 816px\" \/><\/a><\/figure><\/div>\n\n\n\n<div class=\"wp-block-column is-layout-flow wp-block-column-is-layout-flow\" style=\"flex-basis:70%\"><h2 class=\"wp-block-post-title\"><a href=\"https:\/\/safeplace.edu.pl\/en\/2022-2\/\" target=\"_self\" >SAFE PLACE 2022<\/a><\/h2>\n\n<div class=\"wp-block-post-excerpt\"><p class=\"wp-block-post-excerpt__excerpt\">The 5th National Scientific and Technical Congress SAFE PLACE 2022 entitled. \"Security of public buildings and critical infrastructure. Terrorism and other threats\" was held on 17-19 October 2022 at the Hotel Ku\u017ania Napoleo\u0144ska in Paprotnia near Warsaw.   The jubilee edition of SAFE PLACE boasted the honorary patronage of the Director of the Government Security Centre,...<\/p><p class=\"wp-block-post-excerpt__more-text\"><a class=\"wp-block-post-excerpt__more-link\" href=\"https:\/\/safeplace.edu.pl\/en\/2022-2\/\">Read more...<\/a><\/p><\/div><\/div>\n<\/div>\n\n<\/li><li class=\"wp-block-post post-80 page type-page status-publish has-post-thumbnail hentry\">\n\n<div class=\"wp-block-columns alignwide has-palette-color-8-background-color has-background is-layout-flex wp-container-core-columns-is-layout-28f84493 wp-block-columns-is-layout-flex\" style=\"border-style:none;border-width:0px;border-radius:0px;box-shadow:var(--wp--preset--shadow--natural)\">\n<div class=\"wp-block-column is-layout-flow wp-block-column-is-layout-flow\" style=\"flex-basis:66.66%\"><figure style=\"aspect-ratio:3\/2;width:100%;\" class=\"wp-block-post-featured-image\"><a href=\"https:\/\/safeplace.edu.pl\/en\/2021-2\/\" target=\"_self\"  ><img loading=\"lazy\" decoding=\"async\" width=\"1000\" height=\"667\" src=\"https:\/\/safeplace.edu.pl\/wp-content\/uploads\/2024\/06\/20211020_IM2_0021_rsibiza.jpg\" class=\"attachment-large size-large wp-post-image\" alt=\"SAFE PLACE 2021\" style=\"width:100%;height:100%;object-fit:cover;\" srcset=\"https:\/\/safeplace.edu.pl\/wp-content\/uploads\/2024\/06\/20211020_IM2_0021_rsibiza.jpg 1000w, https:\/\/safeplace.edu.pl\/wp-content\/uploads\/2024\/06\/20211020_IM2_0021_rsibiza-300x200.jpg 300w, https:\/\/safeplace.edu.pl\/wp-content\/uploads\/2024\/06\/20211020_IM2_0021_rsibiza-768x512.jpg 768w\" sizes=\"(max-width: 1000px) 100vw, 1000px\" \/><\/a><\/figure><\/div>\n\n\n\n<div class=\"wp-block-column is-layout-flow wp-block-column-is-layout-flow\" style=\"flex-basis:70%\"><h2 class=\"wp-block-post-title\"><a href=\"https:\/\/safeplace.edu.pl\/en\/2021-2\/\" target=\"_self\" >SAFE PLACE 2021<\/a><\/h2>\n\n<div class=\"wp-block-post-excerpt\"><p class=\"wp-block-post-excerpt__excerpt\">On 20-22 November 2021, the fourth National Scientific and Technical Congress SAFE PLACE 2021 took place at the Jaros\u0142aw D\u0105browski Military University of Technology in Warsaw, entitled. \"Anti-terrorist security of public buildings. Good practices and recommendations. Compared to previous years, the number of participants increased and amounted to more than 400 people, which...<\/p><p class=\"wp-block-post-excerpt__more-text\"><a class=\"wp-block-post-excerpt__more-link\" href=\"https:\/\/safeplace.edu.pl\/en\/2021-2\/\">Read more...<\/a><\/p><\/div><\/div>\n<\/div>\n\n<\/li><li class=\"wp-block-post post-81 page type-page status-publish has-post-thumbnail hentry\">\n\n<div class=\"wp-block-columns alignwide has-palette-color-8-background-color has-background is-layout-flex wp-container-core-columns-is-layout-28f84493 wp-block-columns-is-layout-flex\" style=\"border-style:none;border-width:0px;border-radius:0px;box-shadow:var(--wp--preset--shadow--natural)\">\n<div class=\"wp-block-column is-layout-flow wp-block-column-is-layout-flow\" style=\"flex-basis:66.66%\"><figure style=\"aspect-ratio:3\/2;width:100%;\" class=\"wp-block-post-featured-image\"><a href=\"https:\/\/safeplace.edu.pl\/en\/2019-2\/\" target=\"_self\"  ><img loading=\"lazy\" decoding=\"async\" width=\"1017\" height=\"684\" src=\"https:\/\/safeplace.edu.pl\/wp-content\/uploads\/2024\/06\/Przechwytywanie1-1.jpg\" class=\"attachment-large size-large wp-post-image\" alt=\"SAFE PLACE 2019\" style=\"width:100%;height:100%;object-fit:cover;\" srcset=\"https:\/\/safeplace.edu.pl\/wp-content\/uploads\/2024\/06\/Przechwytywanie1-1.jpg 1017w, https:\/\/safeplace.edu.pl\/wp-content\/uploads\/2024\/06\/Przechwytywanie1-1-300x202.jpg 300w, https:\/\/safeplace.edu.pl\/wp-content\/uploads\/2024\/06\/Przechwytywanie1-1-768x517.jpg 768w\" sizes=\"(max-width: 1017px) 100vw, 1017px\" \/><\/a><\/figure><\/div>\n\n\n\n<div class=\"wp-block-column is-layout-flow wp-block-column-is-layout-flow\" style=\"flex-basis:70%\"><h2 class=\"wp-block-post-title\"><a href=\"https:\/\/safeplace.edu.pl\/en\/2019-2\/\" target=\"_self\" >SAFE PLACE 2019<\/a><\/h2>\n\n<div class=\"wp-block-post-excerpt\"><p class=\"wp-block-post-excerpt__excerpt\">The 3rd National Scientific and Technical Congress SAFE PLACE 2019 entitled \"Anti-terrorist security of public buildings. Good civilian and military practices' was held on 19-20 November 2019 at the Windsor Hotel in Jachranka, near Warsaw. The number of participants more than doubled compared to past years, which is a testament to the substantive strength of the...<\/p><p class=\"wp-block-post-excerpt__more-text\"><a class=\"wp-block-post-excerpt__more-link\" href=\"https:\/\/safeplace.edu.pl\/en\/2019-2\/\">Read more...<\/a><\/p><\/div><\/div>\n<\/div>\n\n<\/li><li class=\"wp-block-post post-83 page type-page status-publish has-post-thumbnail hentry\">\n\n<div class=\"wp-block-columns alignwide has-palette-color-8-background-color has-background is-layout-flex wp-container-core-columns-is-layout-28f84493 wp-block-columns-is-layout-flex\" style=\"border-style:none;border-width:0px;border-radius:0px;box-shadow:var(--wp--preset--shadow--natural)\">\n<div class=\"wp-block-column is-layout-flow wp-block-column-is-layout-flow\" style=\"flex-basis:66.66%\"><figure style=\"aspect-ratio:3\/2;width:100%;\" class=\"wp-block-post-featured-image\"><a href=\"https:\/\/safeplace.edu.pl\/en\/2018-2\/\" target=\"_self\"  ><img loading=\"lazy\" decoding=\"async\" width=\"885\" height=\"595\" src=\"https:\/\/safeplace.edu.pl\/wp-content\/uploads\/2024\/06\/Przechwytywanie1-1-1.jpg\" class=\"attachment-large size-large wp-post-image\" alt=\"SAFE PLACE 2018\" style=\"width:100%;height:100%;object-fit:cover;\" srcset=\"https:\/\/safeplace.edu.pl\/wp-content\/uploads\/2024\/06\/Przechwytywanie1-1-1.jpg 885w, https:\/\/safeplace.edu.pl\/wp-content\/uploads\/2024\/06\/Przechwytywanie1-1-1-300x202.jpg 300w, https:\/\/safeplace.edu.pl\/wp-content\/uploads\/2024\/06\/Przechwytywanie1-1-1-768x516.jpg 768w\" sizes=\"(max-width: 885px) 100vw, 885px\" \/><\/a><\/figure><\/div>\n\n\n\n<div class=\"wp-block-column is-layout-flow wp-block-column-is-layout-flow\" style=\"flex-basis:70%\"><h2 class=\"wp-block-post-title\"><a href=\"https:\/\/safeplace.edu.pl\/en\/2018-2\/\" target=\"_self\" >SAFE PLACE 2018<\/a><\/h2>\n\n<div class=\"wp-block-post-excerpt\"><p class=\"wp-block-post-excerpt__excerpt\">The 2nd National Congress entitled. \u2018Anti-terrorist security of public buildings - challenges and recommendations\u2019 was held on 21-22 November 2018 in the Wroc\u0142aw Congress Centre of the Terminal Hotel. The event was organised by the Department of Sociology of Education of the Institute of Sociology of the University of Wroc\u0142aw, the Department of Criminology and Security Sciences of the Faculty of Law, Administration and Economics of the University of...<\/p><p class=\"wp-block-post-excerpt__more-text\"><a class=\"wp-block-post-excerpt__more-link\" href=\"https:\/\/safeplace.edu.pl\/en\/2018-2\/\">Read more...<\/a><\/p><\/div><\/div>\n<\/div>\n\n<\/li><li class=\"wp-block-post post-82 page type-page status-publish has-post-thumbnail hentry\">\n\n<div class=\"wp-block-columns alignwide has-palette-color-8-background-color has-background is-layout-flex wp-container-core-columns-is-layout-28f84493 wp-block-columns-is-layout-flex\" style=\"border-style:none;border-width:0px;border-radius:0px;box-shadow:var(--wp--preset--shadow--natural)\">\n<div class=\"wp-block-column is-layout-flow wp-block-column-is-layout-flow\" style=\"flex-basis:66.66%\"><figure style=\"aspect-ratio:3\/2;width:100%;\" class=\"wp-block-post-featured-image\"><a href=\"https:\/\/safeplace.edu.pl\/en\/2017-2\/\" target=\"_self\"  ><img loading=\"lazy\" decoding=\"async\" width=\"855\" height=\"569\" src=\"https:\/\/safeplace.edu.pl\/wp-content\/uploads\/2024\/06\/2.png\" class=\"attachment-large size-large wp-post-image\" alt=\"SAFE PLACE 2017\" style=\"width:100%;height:100%;object-fit:cover;\" srcset=\"https:\/\/safeplace.edu.pl\/wp-content\/uploads\/2024\/06\/2.png 855w, https:\/\/safeplace.edu.pl\/wp-content\/uploads\/2024\/06\/2-300x200.png 300w, https:\/\/safeplace.edu.pl\/wp-content\/uploads\/2024\/06\/2-768x511.png 768w\" sizes=\"(max-width: 855px) 100vw, 855px\" \/><\/a><\/figure><\/div>\n\n\n\n<div class=\"wp-block-column is-layout-flow wp-block-column-is-layout-flow\" style=\"flex-basis:70%\"><h2 class=\"wp-block-post-title\"><a href=\"https:\/\/safeplace.edu.pl\/en\/2017-2\/\" target=\"_self\" >SAFE PLACE 2017<\/a><\/h2>\n\n<div class=\"wp-block-post-excerpt\"><p class=\"wp-block-post-excerpt__excerpt\">On 21-22 November 2017, the first National Scientific Conference entitled. \"Anti-terrorist security of public buildings. Theory and practice\". The event boasted the honorary patronage of the Marshal of the Lower Silesian Voivodship.     It was the first event of its kind to be attended by representatives of...<\/p><p class=\"wp-block-post-excerpt__more-text\"><a class=\"wp-block-post-excerpt__more-link\" href=\"https:\/\/safeplace.edu.pl\/en\/2017-2\/\">Read more...<\/a><\/p><\/div><\/div>\n<\/div>\n\n<\/li><\/ul><\/div>\n\n\n\n<p><\/p>","protected":false},"excerpt":{"rendered":"","protected":false},"author":2,"featured_media":0,"parent":0,"menu_order":0,"comment_status":"closed","ping_status":"closed","template":"","meta":{"_acf_changed":false,"footnotes":""},"class_list":["post-5011","page","type-page","status-publish","hentry"],"blocksy_meta":[],"acf":[],"_links":{"self":[{"href":"https:\/\/safeplace.edu.pl\/en\/wp-json\/wp\/v2\/pages\/5011","targetHints":{"allow":["GET"]}}],"collection":[{"href":"https:\/\/safeplace.edu.pl\/en\/wp-json\/wp\/v2\/pages"}],"about":[{"href":"https:\/\/safeplace.edu.pl\/en\/wp-json\/wp\/v2\/types\/page"}],"author":[{"embeddable":true,"href":"https:\/\/safeplace.edu.pl\/en\/wp-json\/wp\/v2\/users\/2"}],"replies":[{"embeddable":true,"href":"https:\/\/safeplace.edu.pl\/en\/wp-json\/wp\/v2\/comments?post=5011"}],"version-history":[{"count":11,"href":"https:\/\/safeplace.edu.pl\/en\/wp-json\/wp\/v2\/pages\/5011\/revisions"}],"predecessor-version":[{"id":5034,"href":"https:\/\/safeplace.edu.pl\/en\/wp-json\/wp\/v2\/pages\/5011\/revisions\/5034"}],"wp:attachment":[{"href":"https:\/\/safeplace.edu.pl\/en\/wp-json\/wp\/v2\/media?parent=5011"}],"curies":[{"name":"wp","href":"https:\/\/api.w.org\/{rel}","templated":true}]}}