{"id":255,"date":"2024-06-05T09:39:07","date_gmt":"2024-06-05T09:39:07","guid":{"rendered":"http:\/\/safeplace.edu.pl\/?page_id=255"},"modified":"2024-11-15T13:49:33","modified_gmt":"2024-11-15T13:49:33","slug":"klauzula-informacyjna","status":"publish","type":"page","link":"https:\/\/safeplace.edu.pl\/en\/klauzula-informacyjna\/","title":{"rendered":"Information Clause"},"content":{"rendered":"<div data-elementor-type=\"wp-page\" data-elementor-id=\"255\" class=\"elementor elementor-255\" data-elementor-settings=\"{&quot;ha_cmc_init_switcher&quot;:&quot;no&quot;}\">\n\t\t\t\t<div class=\"elementor-element elementor-element-60e0879 e-flex e-con-boxed e-con e-parent\" data-id=\"60e0879\" data-element_type=\"container\" data-e-type=\"container\" data-settings=\"{&quot;_ha_eqh_enable&quot;:false}\">\n\t\t\t\t\t<div class=\"e-con-inner\">\n\t\t\t\t<div class=\"elementor-element elementor-element-1c7f9a1 exad-sticky-section-no exad-glass-effect-no elementor-widget elementor-widget-heading\" data-id=\"1c7f9a1\" data-element_type=\"widget\" data-e-type=\"widget\" data-widget_type=\"heading.default\">\n\t\t\t\t<div class=\"elementor-widget-container\">\n\t\t\t\t\t<h2 class=\"elementor-heading-title elementor-size-default\">Information Clause<\/h2>\t\t\t\t<\/div>\n\t\t\t\t<\/div>\n\t\t\t\t<div class=\"elementor-element elementor-element-249f289 exad-sticky-section-no exad-glass-effect-no elementor-widget elementor-widget-text-editor\" data-id=\"249f289\" data-element_type=\"widget\" data-e-type=\"widget\" data-widget_type=\"text-editor.default\">\n\t\t\t\t<div class=\"elementor-widget-container\">\n\t\t\t\t\t\t\t\t\t<p><strong>Information clause for persons using the contact form or registration forms for the Congress<\/strong><\/p>\n<p>On the basis of the European Parliament's and EU Council's Regulation 2016\/679 of 27 April 2016 on the protection of natural persons with regard to the processing of personal data and on the free movement of such data and repealing Directive 95\/46\/EC (General Data Protection Regulation) (hereinafter RODO), we kindly inform you that:<\/p>\n<ul>\n<li>The administrator of your personal data is Safety Project sp. z o.o. \/ with its registered office at 11b\/4 Zau\u0142ek Rogozi\u0144ski Street, 51-116 Wroc\u0142aw, \/ e-mail address:&nbsp;<span id=\"cloakc438b784faa161d412570ca92ee83b20\"><a href=\"mailto:kontakt@safetyproject.pl\">kontakt@safetyproject.pl<\/a><\/span>&nbsp;\/phone number +48 531 419 151, NIP number: 895 223 60 10 , REGON number: 520576134, KRS: 0000936005.<\/li>\n<li>We will process your personal data included in the contact form or the Congress registration form in order to handle your application.<\/li>\n<li>the basis for the processing of your data is the legitimate interest of the Administrator (Article 6(1)(f) RODO) resulting from your initiation of the action of sending the application.<\/li>\n<li>Your data will be processed for no longer than it is necessary to fully service your request, i.e. to take action in relation to the information you have provided or the request you have made, after which time it may be archived and stored for the period of limitation of potential claims or until you withdraw your consent to the processing of your data for commercial or marketing purposes.<\/li>\n<li>Your data and other information may be made available to entities authorised by law and to entities cooperating with the Administrator to the extent necessary for the above-mentioned purposes.<\/li>\n<li>The submition of personal data by you is voluntary, but necessary to respond to the matter presented by you via the contact form - a consequence of failing to provide data may lead to the inability to respond to the message submitted.<\/li>\n<\/ul>\n<p>Within the limits of the RODO regulations, you have the right to:<\/p>\n<ol>\n<li>access your data,<\/li>\n<li>rectify (amend) your data,<\/li>\n<li>erasure of your data,<\/li>\n<li>restrict data processing,<\/li>\n<li>object to the processing of your data,<\/li>\n<li>transfer your data,<\/li>\n<li>lodge a complaint to the President of the Office for Personal Data Protection or any other competent supervisory authority, in case the processing of your data violates the applicable regulations,<\/li>\n<li>cofni\u0119cia zgody na&nbsp;przetwarzanie danych osobowych.<\/li>\n<\/ol>\n<p>The handling of the request does not assume the transfer of your data outside the European Economic Area and the need for an automated decision-making processes.<\/p>\t\t\t\t\t\t\t\t<\/div>\n\t\t\t\t<\/div>\n\t\t\t\t\t<\/div>\n\t\t\t\t<\/div>\n\t\t\t\t<\/div>","protected":false},"excerpt":{"rendered":"<p>Klauzula informacyjna Klauzula informacyjna dla os\u00f3b korzystaj\u0105cych z formularza kontaktowego lub formularzy zapis\u00f3w na Kongres Na&nbsp;podstawie Rozporz\u0105dzenia Parlamentu Europejskiego i&nbsp;Rady (UE) 2016\/679 z&nbsp;dnia 27 kwietnia 2016 r. w&nbsp;sprawie ochrony os\u00f3b fizycznych w&nbsp;zwi\u0105zku z&nbsp;przetwarzaniem danych osobowych i&nbsp;w&nbsp;sprawie swobodnego przep\u0142ywu takich danych oraz&nbsp;uchylenia dyrektywy 95\/46\/WE (og\u00f3lne rozporz\u0105dzenie o&nbsp;ochronie danych) (dalej RODO) uprzejmie informujemy, \u017ce: Administratorem Pani\/Pana danych [&hellip;]<\/p>\n","protected":false},"author":2,"featured_media":0,"parent":0,"menu_order":0,"comment_status":"closed","ping_status":"closed","template":"","meta":{"_acf_changed":false,"footnotes":""},"class_list":["post-255","page","type-page","status-publish","hentry"],"blocksy_meta":[],"acf":[],"_links":{"self":[{"href":"https:\/\/safeplace.edu.pl\/en\/wp-json\/wp\/v2\/pages\/255","targetHints":{"allow":["GET"]}}],"collection":[{"href":"https:\/\/safeplace.edu.pl\/en\/wp-json\/wp\/v2\/pages"}],"about":[{"href":"https:\/\/safeplace.edu.pl\/en\/wp-json\/wp\/v2\/types\/page"}],"author":[{"embeddable":true,"href":"https:\/\/safeplace.edu.pl\/en\/wp-json\/wp\/v2\/users\/2"}],"replies":[{"embeddable":true,"href":"https:\/\/safeplace.edu.pl\/en\/wp-json\/wp\/v2\/comments?post=255"}],"version-history":[{"count":13,"href":"https:\/\/safeplace.edu.pl\/en\/wp-json\/wp\/v2\/pages\/255\/revisions"}],"predecessor-version":[{"id":4413,"href":"https:\/\/safeplace.edu.pl\/en\/wp-json\/wp\/v2\/pages\/255\/revisions\/4413"}],"wp:attachment":[{"href":"https:\/\/safeplace.edu.pl\/en\/wp-json\/wp\/v2\/media?parent=255"}],"curies":[{"name":"wp","href":"https:\/\/api.w.org\/{rel}","templated":true}]}}