{"id":253,"date":"2024-06-05T09:38:49","date_gmt":"2024-06-05T09:38:49","guid":{"rendered":"http:\/\/safeplace.edu.pl\/?page_id=253"},"modified":"2024-06-18T08:04:17","modified_gmt":"2024-06-18T08:04:17","slug":"polityka-cookies","status":"publish","type":"page","link":"https:\/\/safeplace.edu.pl\/en\/polityka-cookies\/","title":{"rendered":"Cookies policy"},"content":{"rendered":"<div data-elementor-type=\"wp-page\" data-elementor-id=\"253\" class=\"elementor elementor-253\" data-elementor-settings=\"{&quot;ha_cmc_init_switcher&quot;:&quot;no&quot;}\">\n\t\t\t\t<div class=\"elementor-element elementor-element-e5a554c e-flex e-con-boxed e-con e-parent\" data-id=\"e5a554c\" data-element_type=\"container\" data-e-type=\"container\" data-settings=\"{&quot;_ha_eqh_enable&quot;:false}\">\n\t\t\t\t\t<div class=\"e-con-inner\">\n\t\t\t\t<div class=\"elementor-element elementor-element-6f334a9 exad-sticky-section-no exad-glass-effect-no elementor-widget elementor-widget-heading\" data-id=\"6f334a9\" data-element_type=\"widget\" data-e-type=\"widget\" data-widget_type=\"heading.default\">\n\t\t\t\t<div class=\"elementor-widget-container\">\n\t\t\t\t\t<h2 class=\"elementor-heading-title elementor-size-default\">Cookies Policy<\/h2>\t\t\t\t<\/div>\n\t\t\t\t<\/div>\n\t\t\t\t<div class=\"elementor-element elementor-element-bcf66a6 exad-sticky-section-no exad-glass-effect-no elementor-widget elementor-widget-text-editor\" data-id=\"bcf66a6\" data-element_type=\"widget\" data-e-type=\"widget\" data-widget_type=\"text-editor.default\">\n\t\t\t\t<div class=\"elementor-widget-container\">\n\t\t\t\t\t\t\t\t\t<p style=\"text-align: justify;\">We use cookies in order to provide you with the highest level of service. Using our website means that they will be placed on the device you are using. You can change the settings of your browser at any time. Furthermore, by using our website you accept our privacy policy.<\/p><p style=\"text-align: center;\"><strong>DEFINITION<\/strong><\/p><p>Cookie files (so-called \u2018cookies\u2019) are small text files sent by the website you visit to your device (computer, smartphone, etc.). They do not contain any personal data.<\/p><p style=\"text-align: center;\"><strong>USE OF COOKIES<\/strong><\/p><p>As part of the safeplace.edu.pl website, we use the following types of cookies:<\/p><p>\u2018session\u2019 - stored on the User's terminal equipment until they log off, leave the website or switch off the web browser;<br \/>\u2018permanent\u2019 - stored on the User's terminal equipment for a certain period of time specified in the parameters of cookies or until they are deleted by the User;<br \/>\u2018performance\u2019 - enable the collection of information on how the Website's pages are used;<br \/>\u2018necessary\u2019 - making it possible to use the services available on the Website;<br \/>\u2018functional\u2019 - making it possible to remember the User's selected settings and to personalize the User's interface;<br \/>\u2018own\u2019 - placed by the Website;<br \/>\u2018external\u2019 - originating from a website other than the Website;<br \/>The information is in no way linked to the Service User's personal data and is not used to determine their identity. The extent of information collected automatically depends on the User's web browser settings.<\/p><p>In most web browsers, you can: delete cookies from your computer's hard drive (from the browser settings), block all cookies sent or set a warning before storing them.\u00a0<\/p><p>Please note that changing the settings of these files by restricting their use may affect some of the functionalities available on websites which utilise them, e.g. by preventing you from logging into your email account. By not changing these settings,you agree to the use of cookies.<\/p><p>The information contained in system logs (e.g. IP address) is used by the Administrator only for technical purposes related to server administration. In addition, IP addresses are used to collect general, analytical and statistical demographic information such as the region from which Users are connecting.<\/p><p style=\"text-align: center;\"><strong>TIPS FOR CHANGING COOKIE SETTINGS<\/strong><\/p><p>Below are some tips on how to change the cookie settings of the most popular browsers:<\/p><p style=\"text-align: center;\">Google Chrome<\/p><p>Menu &gt; Settings &gt; Show advanced settings &gt; Privacy &gt; Content settings &gt; Cookies - select appropriate option<\/p><p style=\"text-align: center;\">Internet Explorer<\/p><p>Menu &gt; Tools &gt; Internet options &gt; Privacy - select appropriate option<\/p><p style=\"text-align: center;\">Mozilla Firefox<\/p><p>Menu &gt; Options &gt; Privacy &gt; History - select appropriate option<\/p><p style=\"text-align: center;\">Opera<\/p><p><br \/>Menu &gt; Preferences &gt; Advanced &gt; Cookies - select appropriate option<\/p><p style=\"text-align: center;\">Safari<\/p><p>Menu &gt; Preferences &gt; Privacy &gt; Cookies - select appropriate option<\/p><p style=\"text-align: center;\"><strong>CONTACT<\/strong><\/p><p>In case you have any questions, you can contact us via:<\/p><p>contact form available at www.safetyproject.pl<br \/>e-mail:\u00a0<span id=\"cloakc9b6fc604f18bf23161eb90dbfcc2d75\"><a href=\"mailto:kontakt@safetyproject.pl\">kontakt@safetyproject.pl<\/a><\/span><br \/>contact number: +48 531 419 151<\/p>\t\t\t\t\t\t\t\t<\/div>\n\t\t\t\t<\/div>\n\t\t\t\t\t<\/div>\n\t\t\t\t<\/div>\n\t\t<div class=\"elementor-element elementor-element-ed103cb e-flex e-con-boxed e-con e-parent\" data-id=\"ed103cb\" data-element_type=\"container\" data-e-type=\"container\" data-settings=\"{&quot;_ha_eqh_enable&quot;:false}\">\n\t\t\t\t\t<div class=\"e-con-inner\">\n\t\t\t\t\t<\/div>\n\t\t\t\t<\/div>\n\t\t\t\t<\/div>","protected":false},"excerpt":{"rendered":"<p>Polityka plik\u00f3w cookies W celu \u015bwiadczenia us\u0142ug na najwy\u017cszym poziomie stosujemy\u00a0pliki cookies. Korzystanie z naszej witryny oznacza, \u017ce b\u0119d\u0105 one zamieszczane w urz\u0105dzeniu, z kt\u00f3rego Pani\/Pan korzysta. W ka\u017cdym momencie mo\u017cna dokona\u0107 zmiany ustawie\u0144 Pani\/Pana przegl\u0105darki internetowej. Co wi\u0119cej korzystanie z naszej strony internetowej oznacza akceptacj\u0119 naszej polityki prywatno\u015bci. DEFINICJA Pliki Cookies (tzw. ciasteczka)\u00a0to niewielkie [&hellip;]<\/p>\n","protected":false},"author":2,"featured_media":0,"parent":0,"menu_order":0,"comment_status":"closed","ping_status":"closed","template":"","meta":{"_acf_changed":false,"footnotes":""},"class_list":["post-253","page","type-page","status-publish","hentry"],"blocksy_meta":[],"acf":[],"_links":{"self":[{"href":"https:\/\/safeplace.edu.pl\/en\/wp-json\/wp\/v2\/pages\/253","targetHints":{"allow":["GET"]}}],"collection":[{"href":"https:\/\/safeplace.edu.pl\/en\/wp-json\/wp\/v2\/pages"}],"about":[{"href":"https:\/\/safeplace.edu.pl\/en\/wp-json\/wp\/v2\/types\/page"}],"author":[{"embeddable":true,"href":"https:\/\/safeplace.edu.pl\/en\/wp-json\/wp\/v2\/users\/2"}],"replies":[{"embeddable":true,"href":"https:\/\/safeplace.edu.pl\/en\/wp-json\/wp\/v2\/comments?post=253"}],"version-history":[{"count":7,"href":"https:\/\/safeplace.edu.pl\/en\/wp-json\/wp\/v2\/pages\/253\/revisions"}],"predecessor-version":[{"id":1617,"href":"https:\/\/safeplace.edu.pl\/en\/wp-json\/wp\/v2\/pages\/253\/revisions\/1617"}],"wp:attachment":[{"href":"https:\/\/safeplace.edu.pl\/en\/wp-json\/wp\/v2\/media?parent=253"}],"curies":[{"name":"wp","href":"https:\/\/api.w.org\/{rel}","templated":true}]}}